{"id":4686,"date":"2021-01-24T11:23:14","date_gmt":"2021-01-24T11:23:14","guid":{"rendered":"https:\/\/advancetapes.com\/unsere-umwelt\/"},"modified":"2021-01-24T11:23:14","modified_gmt":"2021-01-24T11:23:14","slug":"unsere-umwelt","status":"publish","type":"page","link":"https:\/\/advancetapes.com\/de\/unsere-umwelt\/","title":{"rendered":"Unsere Umwelt"},"content":{"rendered":"\n<style type=\"text\/css\" data-created_by=\"avia_inline_auto\" id=\"style-css-av-kk8i8ffl-5f16e7f3e2847320149058787cab0192\">\n.avia-section.av-kk8i8ffl-5f16e7f3e2847320149058787cab0192{\nmargin-top:0px;\nmargin-bottom:0px;\n}\n<\/style>\n<div id='av_section_1'  class='avia-section av-kk8i8ffl-5f16e7f3e2847320149058787cab0192 main_color avia-section-no-padding avia-no-border-styling  avia-builder-el-0  el_before_av_section  avia-builder-el-first  avia-bg-style-scroll container_wrap fullsize'  ><div class='container av-section-cont-open' ><main  role=\"main\" itemprop=\"mainContentOfPage\"  class='template-page content  av-content-full alpha units'><div class='post-entry post-entry-type-page post-entry-4686'><div class='entry-content-wrapper clearfix'>\n\n<style type=\"text\/css\" data-created_by=\"avia_inline_auto\" id=\"style-css-av-1m833-7d264e26b9fb9fc87dca708eb8a26d22\">\n.flex_column.av-1m833-7d264e26b9fb9fc87dca708eb8a26d22{\nborder-radius:0px 0px 0px 0px;\npadding:0px 0px 0px 0px;\n}\n<\/style>\n<div  class='flex_column av-1m833-7d264e26b9fb9fc87dca708eb8a26d22 av_one_half  avia-builder-el-1  el_before_av_one_half  avia-builder-el-first  first flex_column_div av-zero-column-padding  '     ><p>\n<style type=\"text\/css\" data-created_by=\"avia_inline_auto\" id=\"style-css-av-kk8jg5bb-87bf562ebcbac503025254670134c1ff\">\n#top .av-special-heading.av-kk8jg5bb-87bf562ebcbac503025254670134c1ff{\npadding-bottom:10px;\ncolor:#008b98;\n}\nbody .av-special-heading.av-kk8jg5bb-87bf562ebcbac503025254670134c1ff .av-special-heading-tag .heading-char{\nfont-size:25px;\n}\n.av-special-heading.av-kk8jg5bb-87bf562ebcbac503025254670134c1ff .special-heading-inner-border{\nborder-color:#008b98;\n}\n.av-special-heading.av-kk8jg5bb-87bf562ebcbac503025254670134c1ff .av-subheading{\nfont-size:15px;\n}\n<\/style>\n<div  class='av-special-heading av-kk8jg5bb-87bf562ebcbac503025254670134c1ff av-special-heading-h1 custom-color-heading blockquote modern-quote  avia-builder-el-2  el_before_av_textblock  avia-builder-el-first  our-environment-heading'><h1 class='av-special-heading-tag '  itemprop=\"headline\"  >Unsere Umwelt<\/h1><div class=\"special-heading-border\"><div class=\"special-heading-inner-border\"><\/div><\/div><\/div><br \/>\n<section  class='av_textblock_section av-kj8h65uf-edea984f2e0287259c52cc1cbe9cc71f '   itemscope=\"itemscope\" itemtype=\"https:\/\/schema.org\/CreativeWork\" ><div class='avia_textblock'  itemprop=\"text\" ><p>Die Unternehmensleitung hat sich der Verantwortung f\u00fcr die Umwelt verpflichtet. Die Verhinderung von Umweltverschmutzung ist von grundlegender Bedeutung f\u00fcr unsere Firma. Unser Management bekennt sich zu seiner Verpflichtung, die gesetzlichen Umweltbestimmungen einzuhalten.<\/p>\n<\/div><\/section><\/p><\/div>\n<style type=\"text\/css\" data-created_by=\"avia_inline_auto\" id=\"style-css-av-rukf-1aac1c33b715543cf184c1e789192474\">\n.flex_column.av-rukf-1aac1c33b715543cf184c1e789192474{\nborder-radius:0px 0px 0px 0px;\npadding:0px 0px 0px 0px;\n}\n<\/style>\n<div  class='flex_column av-rukf-1aac1c33b715543cf184c1e789192474 av_one_half  avia-builder-el-4  el_after_av_one_half  avia-builder-el-last  flex_column_div av-zero-column-padding  '     ><style type=\"text\/css\" data-created_by=\"avia_inline_auto\" id=\"style-css-av-kj8h70yu-3203eca2df66aace96c206ff008f1e71\">\n.avia-image-container.av-kj8h70yu-3203eca2df66aace96c206ff008f1e71 img.avia_image{\nbox-shadow:none;\n}\n.avia-image-container.av-kj8h70yu-3203eca2df66aace96c206ff008f1e71 .av-image-caption-overlay-center{\ncolor:#ffffff;\n}\n<\/style>\n<div  class='avia-image-container av-kj8h70yu-3203eca2df66aace96c206ff008f1e71 av-styling-no-styling avia-align-center  avia-builder-el-5  avia-builder-el-no-sibling '   itemprop=\"image\" itemscope=\"itemscope\" itemtype=\"https:\/\/schema.org\/ImageObject\" ><div class=\"avia-image-container-inner\"><div class=\"avia-image-overlay-wrap\"><img decoding=\"async\" fetchpriority=\"high\" class='wp-image-2491 avia-img-lazy-loading-not-2491 avia_image ' src=\"https:\/\/advancetapes.com\/wp-content\/uploads\/2020\/12\/Advance-Headquarters-2.jpg\" alt='' title='Advance-Headquarters (2)'  height=\"600\" width=\"800\"  itemprop=\"thumbnailUrl\" srcset=\"https:\/\/advancetapes.com\/wp-content\/uploads\/2020\/12\/Advance-Headquarters-2.jpg 800w, https:\/\/advancetapes.com\/wp-content\/uploads\/2020\/12\/Advance-Headquarters-2-600x450.jpg 600w, https:\/\/advancetapes.com\/wp-content\/uploads\/2020\/12\/Advance-Headquarters-2-300x225.jpg 300w, https:\/\/advancetapes.com\/wp-content\/uploads\/2020\/12\/Advance-Headquarters-2-768x576.jpg 768w, https:\/\/advancetapes.com\/wp-content\/uploads\/2020\/12\/Advance-Headquarters-2-705x529.jpg 705w\" sizes=\"(max-width: 800px) 100vw, 800px\" \/><\/div><\/div><\/div><\/div><\/div><\/div><\/main><!-- close content main element --><\/div><\/div>\n<style type=\"text\/css\" data-created_by=\"avia_inline_auto\" id=\"style-css-av-kj8k9bfl-3350ed9237a46e831189850c464c3525\">\n.avia-section.av-kj8k9bfl-3350ed9237a46e831189850c464c3525{\nbackground-color:#e6e7e8;\nbackground-image:unset;\n}\n<\/style>\n<div id='av_section_2'  class='avia-section av-kj8k9bfl-3350ed9237a46e831189850c464c3525 main_color avia-section-no-padding avia-no-border-styling  avia-builder-el-6  el_after_av_section  avia-builder-el-last  avia-bg-style-scroll container_wrap fullsize'  ><div class='container av-section-cont-open' ><div class='template-page content  av-content-full alpha units'><div class='post-entry post-entry-type-page post-entry-4686'><div class='entry-content-wrapper clearfix'>\n\n<style type=\"text\/css\" data-created_by=\"avia_inline_auto\" id=\"style-css-av-p0en-7a1c52205c75365d69bd833a591e01e9\">\n.flex_column.av-p0en-7a1c52205c75365d69bd833a591e01e9{\nborder-radius:0px 0px 0px 0px;\npadding:0px 0px 0px 0px;\n}\n<\/style>\n<div  class='flex_column av-p0en-7a1c52205c75365d69bd833a591e01e9 av_one_half  avia-builder-el-7  el_before_av_textblock  avia-builder-el-first  first flex_column_div av-zero-column-padding  '     ><style type=\"text\/css\" data-created_by=\"avia_inline_auto\" id=\"style-css-av-kj8i5oiy-18349b2a968e6a76532e5664309be3b0\">\n.avia-video.av-kj8i5oiy-18349b2a968e6a76532e5664309be3b0{\npadding-bottom:56%;\n}\n<\/style>\n<div  class='avia-video av-kj8i5oiy-18349b2a968e6a76532e5664309be3b0 avia-video-custom av-no-preview-image avia-video-load-always av-lazyload-immediate av-lazyload-video-embed'  itemprop=\"video\" itemtype=\"https:\/\/schema.org\/VideoObject\"  data-original_url='https:\/\/youtu.be\/LvN_O-XFw1A'><script type='text\/html' class='av-video-tmpl'><div class='avia-iframe-wrap'><iframe loading=\"lazy\" title=\"Working To Protect The Environment\" width=\"1500\" height=\"844\" src=\"https:\/\/www.youtube.com\/embed\/LvN_O-XFw1A?feature=oembed&autoplay=0&loop=0&controls=1&mute=0\" frameborder=\"0\" allow=\"accelerometer; autoplay; clipboard-write; encrypted-media; gyroscope; picture-in-picture\" allowfullscreen><\/iframe><\/div><\/script><div class='av-click-to-play-overlay'><div class=\"avia_playpause_icon\"><\/div><\/div><\/div><\/div><section  class='av_textblock_section av-kj8h65uf-edea984f2e0287259c52cc1cbe9cc71f '   itemscope=\"itemscope\" itemtype=\"https:\/\/schema.org\/CreativeWork\" ><div class='avia_textblock'  itemprop=\"text\" ><p>Unsere Firma ist bestrebt in ihren Anlagen verschwenderischen Umgang mit Resorcen so weit wie m\u00f6glich zu unterbinden und negativen Umwelteinflu\u00df zu minimieren. Verd\u00fcnner wird verbrannt, damit die Umweltbelastung niedrig gehalten wird. Wir arbeiten mit Kunden, Lieferanten und Subunternehmern zusammen, um negative Umwelteinfl\u00fcsse zu reduzieren.<\/p>\n<p>Die Firma ist Mitglied eines Verpackungs-Recycling-Programms. Alle verwendeten Verpackungsmaterialien entsprechen den verschiedenen Bestimmungen.<\/p>\n<p>Die Firma versucht, Abfall zu vermeiden und wo nicht m\u00f6glich, wird dieser Umwelt schonend entsorgt.<\/p>\n<\/div><\/section>\n<\/p>\n","protected":false},"excerpt":{"rendered":"","protected":false},"author":455,"featured_media":0,"parent":0,"menu_order":0,"comment_status":"closed","ping_status":"closed","template":"","meta":{"_acf_changed":false,"footnotes":""},"class_list":["post-4686","page","type-page","status-publish","hentry"],"acf":[],"yoast_head":"<!-- This site is optimized with the Yoast SEO plugin v27.3 - https:\/\/yoast.com\/product\/yoast-seo-wordpress\/ -->\n<title>Unsere Umwelt - Advance Tapes<\/title>\n<meta name=\"robots\" content=\"index, follow, max-snippet:-1, max-image-preview:large, max-video-preview:-1\" \/>\n<link rel=\"canonical\" href=\"https:\/\/advancetapes.com\/de\/unsere-umwelt\/\" \/>\n<meta property=\"og:locale\" content=\"de_DE\" \/>\n<meta property=\"og:type\" content=\"article\" \/>\n<meta property=\"og:title\" content=\"Unsere Umwelt - Advance Tapes\" \/>\n<meta property=\"og:url\" content=\"https:\/\/advancetapes.com\/de\/unsere-umwelt\/\" \/>\n<meta property=\"og:site_name\" content=\"Advance Tapes\" \/>\n<meta name=\"twitter:card\" content=\"summary_large_image\" \/>\n<meta name=\"twitter:label1\" content=\"Est. reading time\" \/>\n\t<meta name=\"twitter:data1\" content=\"5 minutes\" \/>\n<!-- \/ Yoast SEO plugin. -->","yoast_head_json":{"title":"Unsere Umwelt - Advance Tapes","robots":{"index":"index","follow":"follow","max-snippet":"max-snippet:-1","max-image-preview":"max-image-preview:large","max-video-preview":"max-video-preview:-1"},"canonical":"https:\/\/advancetapes.com\/de\/unsere-umwelt\/","og_locale":"de_DE","og_type":"article","og_title":"Unsere Umwelt - Advance Tapes","og_url":"https:\/\/advancetapes.com\/de\/unsere-umwelt\/","og_site_name":"Advance Tapes","twitter_card":"summary_large_image","twitter_misc":{"Est. reading time":"5 minutes"},"schema":{"@context":"https:\/\/schema.org","@graph":[{"@type":"WebPage","@id":"https:\/\/advancetapes.com\/de\/unsere-umwelt\/","url":"https:\/\/advancetapes.com\/de\/unsere-umwelt\/","name":"Unsere Umwelt - Advance Tapes","isPartOf":{"@id":"https:\/\/advancetapes.com\/de\/#website"},"datePublished":"2021-01-24T11:23:14+00:00","breadcrumb":{"@id":"https:\/\/advancetapes.com\/de\/unsere-umwelt\/#breadcrumb"},"inLanguage":"de-DE","potentialAction":[{"@type":"ReadAction","target":["https:\/\/advancetapes.com\/de\/unsere-umwelt\/"]}]},{"@type":"BreadcrumbList","@id":"https:\/\/advancetapes.com\/de\/unsere-umwelt\/#breadcrumb","itemListElement":[{"@type":"ListItem","position":1,"name":"Home","item":"https:\/\/advancetapes.com\/de\/"},{"@type":"ListItem","position":2,"name":"Unsere Umwelt"}]},{"@type":"WebSite","@id":"https:\/\/advancetapes.com\/de\/#website","url":"https:\/\/advancetapes.com\/de\/","name":"Advance Tapes","description":"Adding more to adhesive tape","potentialAction":[{"@type":"SearchAction","target":{"@type":"EntryPoint","urlTemplate":"https:\/\/advancetapes.com\/de\/?s={search_term_string}"},"query-input":{"@type":"PropertyValueSpecification","valueRequired":true,"valueName":"search_term_string"}}],"inLanguage":"de-DE"}]}},"_links":{"self":[{"href":"https:\/\/advancetapes.com\/de\/wp-json\/wp\/v2\/pages\/4686","targetHints":{"allow":["GET"]}}],"collection":[{"href":"https:\/\/advancetapes.com\/de\/wp-json\/wp\/v2\/pages"}],"about":[{"href":"https:\/\/advancetapes.com\/de\/wp-json\/wp\/v2\/types\/page"}],"author":[{"embeddable":true,"href":"https:\/\/advancetapes.com\/de\/wp-json\/wp\/v2\/users\/455"}],"replies":[{"embeddable":true,"href":"https:\/\/advancetapes.com\/de\/wp-json\/wp\/v2\/comments?post=4686"}],"version-history":[{"count":0,"href":"https:\/\/advancetapes.com\/de\/wp-json\/wp\/v2\/pages\/4686\/revisions"}],"wp:attachment":[{"href":"https:\/\/advancetapes.com\/de\/wp-json\/wp\/v2\/media?parent=4686"}],"curies":[{"name":"wp","href":"https:\/\/api.w.org\/{rel}","templated":true}]}}