{"id":4664,"date":"2021-01-24T11:19:49","date_gmt":"2021-01-24T11:19:49","guid":{"rendered":"https:\/\/advancetapes.com\/unsere-gemeinschaft\/"},"modified":"2024-05-29T11:03:23","modified_gmt":"2024-05-29T11:03:23","slug":"unsere-gemeinschaft","status":"publish","type":"page","link":"https:\/\/advancetapes.com\/de\/unsere-gemeinschaft\/","title":{"rendered":"Unsere Gemeinschaft"},"content":{"rendered":"<div id='av_section_1'  class='avia-section av-1gmpd-0dada8bb8172dce83bdb336fce788782 main_color avia-section-default avia-no-border-styling  avia-builder-el-0  el_before_av_section  avia-builder-el-first  avia-bg-style-scroll container_wrap fullsize'  ><div class='container av-section-cont-open' ><main  role=\"main\" itemprop=\"mainContentOfPage\"  class='template-page content  av-content-full alpha units'><div class='post-entry post-entry-type-page post-entry-4664'><div class='entry-content-wrapper clearfix'>\n\n<style type=\"text\/css\" data-created_by=\"avia_inline_auto\" id=\"style-css-av-1m833-3ce70b3eafff02ef001514831f58d9f0\">\n.flex_column.av-1m833-3ce70b3eafff02ef001514831f58d9f0{\nborder-radius:0px 0px 0px 0px;\npadding:0px 0px 0px 0px;\n}\n<\/style>\n<div  class='flex_column av-1m833-3ce70b3eafff02ef001514831f58d9f0 av_one_half  avia-builder-el-1  el_before_av_one_half  avia-builder-el-first  first flex_column_div av-zero-column-padding  '     ><p>\n<style type=\"text\/css\" data-created_by=\"avia_inline_auto\" id=\"style-css-av-140uh-93c11ecedfc9b772f01d39eb151abe95\">\n#top .av-special-heading.av-140uh-93c11ecedfc9b772f01d39eb151abe95{\npadding-bottom:10px;\ncolor:#008b98;\n}\nbody .av-special-heading.av-140uh-93c11ecedfc9b772f01d39eb151abe95 .av-special-heading-tag .heading-char{\nfont-size:25px;\n}\n.av-special-heading.av-140uh-93c11ecedfc9b772f01d39eb151abe95 .special-heading-inner-border{\nborder-color:#008b98;\n}\n.av-special-heading.av-140uh-93c11ecedfc9b772f01d39eb151abe95 .av-subheading{\nfont-size:15px;\n}\n<\/style>\n<div  class='av-special-heading av-140uh-93c11ecedfc9b772f01d39eb151abe95 av-special-heading-h1 custom-color-heading blockquote modern-quote  avia-builder-el-2  el_before_av_textblock  avia-builder-el-first '><h1 class='av-special-heading-tag '  itemprop=\"headline\"  >Unsere Gemeinschaft<\/h1><div class=\"special-heading-border\"><div class=\"special-heading-inner-border\"><\/div><\/div><\/div><br \/>\n<section  class='av_textblock_section av-kj8h65uf-edea984f2e0287259c52cc1cbe9cc71f '   itemscope=\"itemscope\" itemtype=\"https:\/\/schema.org\/CreativeWork\" ><div class='avia_textblock'  itemprop=\"text\" ><p>Als Familienunternehmen, das viele Menschen vor Ort besch\u00e4ftigt, hat Advance immer versucht, seine lokale Gemeinde hier in Leicester zu unterst\u00fctzen. Seit der Gr\u00fcndung von Advance im Jahr 1964 veranstalteten wir Wohlt\u00e4tigkeitsveranstaltungen und sponserten lokale Sportteams.<\/p>\n<\/div><\/section><\/p><\/div>\n<style type=\"text\/css\" data-created_by=\"avia_inline_auto\" id=\"style-css-av-rukf-84d0dbd71e2f174eb2a263e0cb6bf5dc\">\n.flex_column.av-rukf-84d0dbd71e2f174eb2a263e0cb6bf5dc{\nborder-radius:0px 0px 0px 0px;\npadding:0px 0px 0px 0px;\n}\n<\/style>\n<div  class='flex_column av-rukf-84d0dbd71e2f174eb2a263e0cb6bf5dc av_one_half  avia-builder-el-4  el_after_av_one_half  avia-builder-el-last  flex_column_div av-zero-column-padding  '     ><div  class='avia-slideshow av-kj8jv9rc-0d9aeab7e97d909fa8c010efd3985aaf avia-slideshow-extra_large av_slideshow avia-slide-slider  avia-builder-el-5  avia-builder-el-no-sibling  av-slideshow-ui av-control-default av-slideshow-autoplay av-loop-endless av-loop-manual-endless av-default-height-applied avia-slideshow-1' data-slideshow-options=\"{&quot;animation&quot;:&quot;slide&quot;,&quot;autoplay&quot;:true,&quot;loop_autoplay&quot;:&quot;endless&quot;,&quot;interval&quot;:5,&quot;loop_manual&quot;:&quot;manual-endless&quot;,&quot;autoplay_stopper&quot;:false,&quot;noNavigation&quot;:false,&quot;bg_slider&quot;:false,&quot;keep_padding&quot;:false,&quot;hoverpause&quot;:false,&quot;show_slide_delay&quot;:0}\"  itemprop=\"image\" itemscope=\"itemscope\" itemtype=\"https:\/\/schema.org\/ImageObject\" ><ul class='avia-slideshow-inner ' style='padding-bottom: 75%;'><li  class='avia-slideshow-slide av-kj8jv9rc-0d9aeab7e97d909fa8c010efd3985aaf__0  slide-1 slide-odd'><div data-rel='slideshow-1' class='avia-slide-wrap '   ><img decoding=\"async\" fetchpriority=\"high\" class=\"wp-image-2481 avia-img-lazy-loading-not-2481\"  src=\"https:\/\/advancetapes.com\/wp-content\/uploads\/2020\/12\/Advance-in-local-school_creativity_2.jpg\" width=\"800\" height=\"600\" title='Advance-in-local-school_creativity_2' alt=''  itemprop=\"thumbnailUrl\" srcset=\"https:\/\/advancetapes.com\/wp-content\/uploads\/2020\/12\/Advance-in-local-school_creativity_2.jpg 800w, https:\/\/advancetapes.com\/wp-content\/uploads\/2020\/12\/Advance-in-local-school_creativity_2-600x450.jpg 600w, https:\/\/advancetapes.com\/wp-content\/uploads\/2020\/12\/Advance-in-local-school_creativity_2-300x225.jpg 300w, https:\/\/advancetapes.com\/wp-content\/uploads\/2020\/12\/Advance-in-local-school_creativity_2-768x576.jpg 768w, https:\/\/advancetapes.com\/wp-content\/uploads\/2020\/12\/Advance-in-local-school_creativity_2-705x529.jpg 705w\" sizes=\"(max-width: 800px) 100vw, 800px\" \/><\/div><\/li><li  class='avia-slideshow-slide av-kj8jv9rc-0d9aeab7e97d909fa8c010efd3985aaf__1  slide-2 slide-even'><div data-rel='slideshow-1' class='avia-slide-wrap '   ><img decoding=\"async\" fetchpriority=\"high\" class=\"wp-image-2483 avia-img-lazy-loading-not-2483\"  src=\"https:\/\/advancetapes.com\/wp-content\/uploads\/2020\/12\/Advance-in-local-school_creativity_3.jpg\" width=\"800\" height=\"600\" title='Advance-in-local-school_creativity_3' alt=''  itemprop=\"thumbnailUrl\" srcset=\"https:\/\/advancetapes.com\/wp-content\/uploads\/2020\/12\/Advance-in-local-school_creativity_3.jpg 800w, https:\/\/advancetapes.com\/wp-content\/uploads\/2020\/12\/Advance-in-local-school_creativity_3-600x450.jpg 600w, https:\/\/advancetapes.com\/wp-content\/uploads\/2020\/12\/Advance-in-local-school_creativity_3-300x225.jpg 300w, https:\/\/advancetapes.com\/wp-content\/uploads\/2020\/12\/Advance-in-local-school_creativity_3-768x576.jpg 768w, https:\/\/advancetapes.com\/wp-content\/uploads\/2020\/12\/Advance-in-local-school_creativity_3-705x529.jpg 705w\" sizes=\"(max-width: 800px) 100vw, 800px\" \/><\/div><\/li><li  class='avia-slideshow-slide av-kj8jv9rc-0d9aeab7e97d909fa8c010efd3985aaf__2  slide-3 slide-odd'><div data-rel='slideshow-1' class='avia-slide-wrap '   ><img decoding=\"async\" fetchpriority=\"high\" class=\"wp-image-2485 avia-img-lazy-loading-not-2485\"  src=\"https:\/\/advancetapes.com\/wp-content\/uploads\/2020\/12\/Advance-participate-to-local-race.jpg\" width=\"800\" height=\"600\" title='Advance-participate-to-local-race' alt=''  itemprop=\"thumbnailUrl\" srcset=\"https:\/\/advancetapes.com\/wp-content\/uploads\/2020\/12\/Advance-participate-to-local-race.jpg 800w, https:\/\/advancetapes.com\/wp-content\/uploads\/2020\/12\/Advance-participate-to-local-race-600x450.jpg 600w, https:\/\/advancetapes.com\/wp-content\/uploads\/2020\/12\/Advance-participate-to-local-race-300x225.jpg 300w, https:\/\/advancetapes.com\/wp-content\/uploads\/2020\/12\/Advance-participate-to-local-race-768x576.jpg 768w, https:\/\/advancetapes.com\/wp-content\/uploads\/2020\/12\/Advance-participate-to-local-race-705x529.jpg 705w\" sizes=\"(max-width: 800px) 100vw, 800px\" \/><\/div><\/li><\/ul><div class='avia-slideshow-arrows avia-slideshow-controls' ><a href='#prev' class='prev-slide  avia-svg-icon avia-font-svg_entypo-fontello' data-av_svg_icon='left-open-big' data-av_iconset='svg_entypo-fontello' tabindex='-1' title=\"Zur\u00fcck\"><svg version=\"1.1\" xmlns=\"http:\/\/www.w3.org\/2000\/svg\" width=\"15\" height=\"32\" viewBox=\"0 0 15 32\" preserveAspectRatio=\"xMidYMid meet\" aria-labelledby='av-svg-title-1' aria-describedby='av-svg-desc-1' role=\"graphics-symbol\" aria-hidden=\"true\">\n<title id='av-svg-title-1'>Zur\u00fcck<\/title>\n<desc id='av-svg-desc-1'>Zur\u00fcck<\/desc>\n<path d=\"M14.464 27.84q0.832 0.832 0 1.536-0.832 0.832-1.536 0l-12.544-12.608q-0.768-0.768 0-1.6l12.544-12.608q0.704-0.832 1.536 0 0.832 0.704 0 1.536l-11.456 11.904z\"><\/path>\n<\/svg><span class='avia_hidden_link_text'>Zur\u00fcck<\/span><\/a><a href='#next' class='next-slide  avia-svg-icon avia-font-svg_entypo-fontello' data-av_svg_icon='right-open-big' data-av_iconset='svg_entypo-fontello' tabindex='-1' title=\"Weiter\"><svg version=\"1.1\" xmlns=\"http:\/\/www.w3.org\/2000\/svg\" width=\"15\" height=\"32\" viewBox=\"0 0 15 32\" preserveAspectRatio=\"xMidYMid meet\" aria-labelledby='av-svg-title-2' aria-describedby='av-svg-desc-2' role=\"graphics-symbol\" aria-hidden=\"true\">\n<title id='av-svg-title-2'>Weiter<\/title>\n<desc id='av-svg-desc-2'>Weiter<\/desc>\n<path d=\"M0.416 27.84l11.456-11.84-11.456-11.904q-0.832-0.832 0-1.536 0.832-0.832 1.536 0l12.544 12.608q0.768 0.832 0 1.6l-12.544 12.608q-0.704 0.832-1.536 0-0.832-0.704 0-1.536z\"><\/path>\n<\/svg><span class='avia_hidden_link_text'>Weiter<\/span><\/a><\/div><div class='avia-slideshow-dots avia-slideshow-controls'><a href='#1' class='goto-slide active' >1<\/a><a href='#2' class='goto-slide ' >2<\/a><a href='#3' class='goto-slide ' >3<\/a><\/div><\/div><\/div><\/div><\/div><\/main><!-- close content main element --><\/div><\/div>\n<style type=\"text\/css\" data-created_by=\"avia_inline_auto\" id=\"style-css-av-kj8k4lf8-96beeb5c1af9bb5fb7eae14f87fd08dd\">\n.avia-section.av-kj8k4lf8-96beeb5c1af9bb5fb7eae14f87fd08dd{\nbackground-color:#e6e7e8;\nbackground-image:unset;\n}\n<\/style>\n<div id='av_section_2'  class='avia-section av-kj8k4lf8-96beeb5c1af9bb5fb7eae14f87fd08dd main_color avia-section-no-padding avia-no-border-styling  avia-builder-el-6  el_after_av_section  avia-builder-el-last  our-community-before-footer avia-bg-style-scroll container_wrap fullsize'  ><div class='container av-section-cont-open' ><div class='template-page content  av-content-full alpha units'><div class='post-entry post-entry-type-page post-entry-4664'><div class='entry-content-wrapper clearfix'>\n\n<style type=\"text\/css\" data-created_by=\"avia_inline_auto\" id=\"style-css-av-p0en-7a1c52205c75365d69bd833a591e01e9\">\n.flex_column.av-p0en-7a1c52205c75365d69bd833a591e01e9{\nborder-radius:0px 0px 0px 0px;\npadding:0px 0px 0px 0px;\n}\n<\/style>\n<div  class='flex_column av-p0en-7a1c52205c75365d69bd833a591e01e9 av_one_half  avia-builder-el-7  el_before_av_textblock  avia-builder-el-first  first flex_column_div av-zero-column-padding  '     ><style type=\"text\/css\" data-created_by=\"avia_inline_auto\" id=\"style-css-av-kj8i5oiy-3af3822602f44f02548cf487acf8c257\">\n.avia-video.av-kj8i5oiy-3af3822602f44f02548cf487acf8c257{\npadding-bottom:56%;\n}\n<\/style>\n<div  class='avia-video av-kj8i5oiy-3af3822602f44f02548cf487acf8c257 avia-video-custom av-no-preview-image avia-video-load-always av-lazyload-immediate av-lazyload-video-embed'  itemprop=\"video\" itemtype=\"https:\/\/schema.org\/VideoObject\"  data-original_url='https:\/\/youtu.be\/ZfdTMIav3nI'><script type='text\/html' class='av-video-tmpl'><div class='avia-iframe-wrap'><iframe loading=\"lazy\" title=\"Advance -- In Schools\" width=\"1500\" height=\"844\" src=\"https:\/\/www.youtube.com\/embed\/ZfdTMIav3nI?feature=oembed&autoplay=0&loop=0&controls=1&mute=0\" frameborder=\"0\" allow=\"accelerometer; autoplay; clipboard-write; encrypted-media; gyroscope; picture-in-picture\" allowfullscreen><\/iframe><\/div><\/script><div class='av-click-to-play-overlay'><div class=\"avia_playpause_icon\"><\/div><\/div><\/div><\/div><section  class='av_textblock_section av-kj8hi49m-b12da2e1d8bed5d4bd6acf6e4f396603 '   itemscope=\"itemscope\" itemtype=\"https:\/\/schema.org\/CreativeWork\" ><div class='avia_textblock'  itemprop=\"text\" ><p>Die Veranstaltung im Sommer 2012 war ein gro\u00dfes Vergn\u00fcgen, da es uns Einblick in die Gedankenwelt von Kindern er\u00f6ffnete, wenn sie sich mit der Herstellung von Klebeb\u00e4ndern besch\u00e4ftigen. Werfen Sie einen Blick auf deren Erzeugnisse in dem kurzen Video. In den vergangenen Jahren bildeten wir ein Team mit&nbsp;<a href=\"http:\/\/www.artwiz.co.uk\/\" target=\"_blank\" rel=\"noopener\" data-mce-href=\"http:\/\/www.artwiz.co.uk\/\">Dean the ArtWizard<\/a>, einem Artisten aus Leicester, um Animationen mit \u00f6rtlichen Schulen und Advance Mitarbeitern zu veranstalten.&nbsp;LOROS, das Hospiz von Leicestershire und Rutland, ist das von uns ausgew\u00e4hlte Spendenziel. Wir veranstalten jedes Jahr Events, um Geld f\u00fcr LOROS zu sammeln aber auch, um Mitarbeiter zu organisierten Aktivit\u00e4ten zu ermutigen. \u00d6rtliche Fussball-Clubs, die von Advance Tapes gesponsert werden, unterst\u00fctzen verschiedene \u00f6rtliche Sportteams wie die Leicester Riders, den Highfield Rangers Fussball-Club, Birstall CC and viele andere.<\/p>\n<\/div><\/section>\n\n<style type=\"text\/css\" data-created_by=\"avia_inline_auto\" id=\"style-css-av-kj8hcmal-bf907add4f97adcc486a184107357661\">\n.avia-image-container.av-kj8hcmal-bf907add4f97adcc486a184107357661 img.avia_image{\nbox-shadow:none;\n}\n.avia-image-container.av-kj8hcmal-bf907add4f97adcc486a184107357661 .av-image-caption-overlay-center{\ncolor:#ffffff;\n}\n<\/style>\n<div  class='avia-image-container av-kj8hcmal-bf907add4f97adcc486a184107357661 av-styling- avia-align-left  avia-builder-el-10  el_after_av_textblock  avia-builder-el-last '   itemprop=\"image\" itemscope=\"itemscope\" itemtype=\"https:\/\/schema.org\/ImageObject\" ><div class=\"avia-image-container-inner\"><div class=\"avia-image-overlay-wrap\"><img decoding=\"async\" fetchpriority=\"high\" class='wp-image-2487 avia-img-lazy-loading-not-2487 avia_image ' src=\"https:\/\/advancetapes.com\/wp-content\/uploads\/2020\/12\/Advance-sponsored-football-team-300x225-1.jpg\" alt='' title='Advance-sponsored-football-team-300x225'  height=\"225\" width=\"300\"  itemprop=\"thumbnailUrl\"  \/><\/div><\/div><\/div>\n<\/p>\n","protected":false},"excerpt":{"rendered":"","protected":false},"author":455,"featured_media":0,"parent":0,"menu_order":0,"comment_status":"closed","ping_status":"closed","template":"","meta":{"_acf_changed":false,"footnotes":""},"class_list":["post-4664","page","type-page","status-publish","hentry"],"acf":[],"yoast_head":"<!-- This site is optimized with the Yoast SEO plugin v27.4 - https:\/\/yoast.com\/product\/yoast-seo-wordpress\/ -->\n<title>Unsere Gemeinschaft - Advance Tapes<\/title>\n<meta name=\"robots\" content=\"index, follow, max-snippet:-1, max-image-preview:large, max-video-preview:-1\" \/>\n<link rel=\"canonical\" href=\"https:\/\/advancetapes.com\/de\/unsere-gemeinschaft\/\" \/>\n<meta property=\"og:locale\" content=\"de_DE\" \/>\n<meta property=\"og:type\" content=\"article\" \/>\n<meta property=\"og:title\" content=\"Unsere Gemeinschaft - Advance Tapes\" \/>\n<meta property=\"og:url\" content=\"https:\/\/advancetapes.com\/de\/unsere-gemeinschaft\/\" \/>\n<meta property=\"og:site_name\" content=\"Advance Tapes\" \/>\n<meta property=\"article:modified_time\" content=\"2024-05-29T11:03:23+00:00\" \/>\n<meta name=\"twitter:card\" content=\"summary_large_image\" \/>\n<meta name=\"twitter:label1\" content=\"Est. reading time\" \/>\n\t<meta name=\"twitter:data1\" content=\"7 minutes\" \/>\n<!-- \/ Yoast SEO plugin. -->","yoast_head_json":{"title":"Unsere Gemeinschaft - Advance Tapes","robots":{"index":"index","follow":"follow","max-snippet":"max-snippet:-1","max-image-preview":"max-image-preview:large","max-video-preview":"max-video-preview:-1"},"canonical":"https:\/\/advancetapes.com\/de\/unsere-gemeinschaft\/","og_locale":"de_DE","og_type":"article","og_title":"Unsere Gemeinschaft - Advance Tapes","og_url":"https:\/\/advancetapes.com\/de\/unsere-gemeinschaft\/","og_site_name":"Advance Tapes","article_modified_time":"2024-05-29T11:03:23+00:00","twitter_card":"summary_large_image","twitter_misc":{"Est. reading time":"7 minutes"},"schema":{"@context":"https:\/\/schema.org","@graph":[{"@type":"WebPage","@id":"https:\/\/advancetapes.com\/de\/unsere-gemeinschaft\/","url":"https:\/\/advancetapes.com\/de\/unsere-gemeinschaft\/","name":"Unsere Gemeinschaft - Advance Tapes","isPartOf":{"@id":"https:\/\/advancetapes.com\/de\/#website"},"datePublished":"2021-01-24T11:19:49+00:00","dateModified":"2024-05-29T11:03:23+00:00","breadcrumb":{"@id":"https:\/\/advancetapes.com\/de\/unsere-gemeinschaft\/#breadcrumb"},"inLanguage":"de-DE","potentialAction":[{"@type":"ReadAction","target":["https:\/\/advancetapes.com\/de\/unsere-gemeinschaft\/"]}]},{"@type":"BreadcrumbList","@id":"https:\/\/advancetapes.com\/de\/unsere-gemeinschaft\/#breadcrumb","itemListElement":[{"@type":"ListItem","position":1,"name":"Home","item":"https:\/\/advancetapes.com\/de\/"},{"@type":"ListItem","position":2,"name":"Unsere Gemeinschaft"}]},{"@type":"WebSite","@id":"https:\/\/advancetapes.com\/de\/#website","url":"https:\/\/advancetapes.com\/de\/","name":"Advance Tapes","description":"Adding more to adhesive tape","potentialAction":[{"@type":"SearchAction","target":{"@type":"EntryPoint","urlTemplate":"https:\/\/advancetapes.com\/de\/?s={search_term_string}"},"query-input":{"@type":"PropertyValueSpecification","valueRequired":true,"valueName":"search_term_string"}}],"inLanguage":"de-DE"}]}},"_links":{"self":[{"href":"https:\/\/advancetapes.com\/de\/wp-json\/wp\/v2\/pages\/4664","targetHints":{"allow":["GET"]}}],"collection":[{"href":"https:\/\/advancetapes.com\/de\/wp-json\/wp\/v2\/pages"}],"about":[{"href":"https:\/\/advancetapes.com\/de\/wp-json\/wp\/v2\/types\/page"}],"author":[{"embeddable":true,"href":"https:\/\/advancetapes.com\/de\/wp-json\/wp\/v2\/users\/455"}],"replies":[{"embeddable":true,"href":"https:\/\/advancetapes.com\/de\/wp-json\/wp\/v2\/comments?post=4664"}],"version-history":[{"count":1,"href":"https:\/\/advancetapes.com\/de\/wp-json\/wp\/v2\/pages\/4664\/revisions"}],"predecessor-version":[{"id":10062,"href":"https:\/\/advancetapes.com\/de\/wp-json\/wp\/v2\/pages\/4664\/revisions\/10062"}],"wp:attachment":[{"href":"https:\/\/advancetapes.com\/de\/wp-json\/wp\/v2\/media?parent=4664"}],"curies":[{"name":"wp","href":"https:\/\/api.w.org\/{rel}","templated":true}]}}