{"id":4643,"date":"2021-01-24T11:13:49","date_gmt":"2021-01-24T11:13:49","guid":{"rendered":"https:\/\/advancetapes.com\/so-kaufen-sie-bei-uns\/"},"modified":"2021-04-20T20:06:28","modified_gmt":"2021-04-20T20:06:28","slug":"so-kaufen-sie-bei-uns","status":"publish","type":"page","link":"https:\/\/advancetapes.com\/de\/so-kaufen-sie-bei-uns\/","title":{"rendered":"So kaufen Sie bei uns"},"content":{"rendered":"\n<style type=\"text\/css\" data-created_by=\"avia_inline_auto\" id=\"style-css-av-kk8d9azm-f6b26143ad8139935b83226c23833b13\">\n.avia-section.av-kk8d9azm-f6b26143ad8139935b83226c23833b13{\nmargin-top:0px;\nmargin-bottom:0px;\n}\n<\/style>\n<div id='av_section_1'  class='avia-section av-kk8d9azm-f6b26143ad8139935b83226c23833b13 main_color avia-section-no-padding avia-no-border-styling  avia-builder-el-0  el_before_av_section  avia-builder-el-first  how-to-buy-section-1 avia-bg-style-scroll container_wrap fullsize'  ><div class='container av-section-cont-open' ><main  role=\"main\" itemprop=\"mainContentOfPage\"  class='template-page content  av-content-full alpha units'><div class='post-entry post-entry-type-page post-entry-4643'><div class='entry-content-wrapper clearfix'>\n\n<style type=\"text\/css\" data-created_by=\"avia_inline_auto\" id=\"style-css-av-1m833-a33a21cdadffe6586152a80eed64e023\">\n.flex_column.av-1m833-a33a21cdadffe6586152a80eed64e023{\nborder-radius:0px 0px 0px 0px;\npadding:0px 0px 0px 0px;\n}\n<\/style>\n<div  class='flex_column av-1m833-a33a21cdadffe6586152a80eed64e023 av_one_half  avia-builder-el-1  el_before_av_one_half  avia-builder-el-first  how-to-buy-form first flex_column_div av-zero-column-padding  '     ><p>\n<style type=\"text\/css\" data-created_by=\"avia_inline_auto\" id=\"style-css-av-kk8gvz4r-4681206c6033d8cc6ebd8ecb4499a0a8\">\n#top .av-special-heading.av-kk8gvz4r-4681206c6033d8cc6ebd8ecb4499a0a8{\npadding-bottom:35px;\ncolor:#008b98;\n}\nbody .av-special-heading.av-kk8gvz4r-4681206c6033d8cc6ebd8ecb4499a0a8 .av-special-heading-tag .heading-char{\nfont-size:25px;\n}\n.av-special-heading.av-kk8gvz4r-4681206c6033d8cc6ebd8ecb4499a0a8 .special-heading-inner-border{\nborder-color:#008b98;\n}\n.av-special-heading.av-kk8gvz4r-4681206c6033d8cc6ebd8ecb4499a0a8 .av-subheading{\nfont-size:15px;\n}\n<\/style>\n<div  class='av-special-heading av-kk8gvz4r-4681206c6033d8cc6ebd8ecb4499a0a8 av-special-heading-h1 custom-color-heading blockquote modern-quote  avia-builder-el-2  el_before_av_textblock  avia-builder-el-first '><h1 class='av-special-heading-tag '  itemprop=\"headline\"  >So kaufen Sie bei uns<\/h1><div class=\"special-heading-border\"><div class=\"special-heading-inner-border\"><\/div><\/div><\/div><br \/>\n<section  class='av_textblock_section av-kj8h65uf-edea984f2e0287259c52cc1cbe9cc71f '   itemscope=\"itemscope\" itemtype=\"https:\/\/schema.org\/CreativeWork\" ><div class='avia_textblock'  itemprop=\"text\" ><p>Die Advance Tapes Produkt-Reihe wird durch ein weltweites Netz von Gro\u00dfh\u00e4ndlern verkauft. Wenn Sie bereits wissen, welches Produkt Sie ben\u00f6tigen, bitten wir um Kontaktaufnahme mit uns, damit wir Ihnen den am n\u00e4chsten gelegenen H\u00e4ndler nennen k\u00f6nnen. Falls Sie nicht sicher sind, welches Produkt am besten Ihren Anforderungen entspricht, gehen Sie bitte in die Produkt-Sektion dieser Website oder kontaktieren Sie uns direkt, damit wir Ihren Bedarf besprechen k\u00f6nnen. Sie k\u00f6nnen uns entweder per E-Mail oder Telefon erreichen. Es steht Ihnen sowohl Verkaufs- als auch technisches Personal zur Verf\u00fcgung, um Ihre speziellen Anforderungen zu besprechen.<\/p>\n<\/div><\/section><\/p><\/div>\n<style type=\"text\/css\" data-created_by=\"avia_inline_auto\" id=\"style-css-av-rukf-84d0dbd71e2f174eb2a263e0cb6bf5dc\">\n.flex_column.av-rukf-84d0dbd71e2f174eb2a263e0cb6bf5dc{\nborder-radius:0px 0px 0px 0px;\npadding:0px 0px 0px 0px;\n}\n<\/style>\n<div  class='flex_column av-rukf-84d0dbd71e2f174eb2a263e0cb6bf5dc av_one_half  avia-builder-el-4  el_after_av_one_half  avia-builder-el-last  flex_column_div av-zero-column-padding  '     ><p><br \/>\n\n<style type=\"text\/css\" data-created_by=\"avia_inline_auto\" id=\"style-css-av-kk8d8evi-6bbc23a2646a1f8ace95514ed44a02e3\">\n.avia-image-container.av-kk8d8evi-6bbc23a2646a1f8ace95514ed44a02e3 img.avia_image{\nbox-shadow:none;\n}\n.avia-image-container.av-kk8d8evi-6bbc23a2646a1f8ace95514ed44a02e3 .av-image-caption-overlay-center{\ncolor:#ffffff;\n}\n<\/style>\n<div  class='avia-image-container av-kk8d8evi-6bbc23a2646a1f8ace95514ed44a02e3 av-styling- avia-align-center  avia-builder-el-6  el_after_av_image  avia-builder-el-last '   itemprop=\"image\" itemscope=\"itemscope\" itemtype=\"https:\/\/schema.org\/ImageObject\" ><div class=\"avia-image-container-inner\"><div class=\"avia-image-overlay-wrap\"><img decoding=\"async\" fetchpriority=\"high\" class='wp-image-4106 avia-img-lazy-loading-not-4106 avia_image ' src=\"https:\/\/advancetapes.com\/wp-content\/uploads\/2021\/01\/How-to-buy-our-tapes.jpg\" alt='How to buy our tapes' title='How-to-buy-our-tapes'  height=\"600\" width=\"800\"  itemprop=\"thumbnailUrl\" srcset=\"https:\/\/advancetapes.com\/wp-content\/uploads\/2021\/01\/How-to-buy-our-tapes.jpg 800w, https:\/\/advancetapes.com\/wp-content\/uploads\/2021\/01\/How-to-buy-our-tapes-300x225.jpg 300w, https:\/\/advancetapes.com\/wp-content\/uploads\/2021\/01\/How-to-buy-our-tapes-768x576.jpg 768w, https:\/\/advancetapes.com\/wp-content\/uploads\/2021\/01\/How-to-buy-our-tapes-705x529.jpg 705w, https:\/\/advancetapes.com\/wp-content\/uploads\/2021\/01\/How-to-buy-our-tapes-600x450.jpg 600w\" sizes=\"(max-width: 800px) 100vw, 800px\" \/><\/div><\/div><\/div><\/p><\/div>\n\n<\/div><\/div><\/main><!-- close content main element --><\/div><\/div>\n<style type=\"text\/css\" data-created_by=\"avia_inline_auto\" id=\"style-css-av-kj8j2rsd-af30aa70d1d6c8a0d01a72875c758c3a\">\n.avia-section.av-kj8j2rsd-af30aa70d1d6c8a0d01a72875c758c3a{\nbackground-color:#e6e7e8;\nbackground-image:unset;\n}\n<\/style>\n<div id='av_section_2'  class='avia-section av-kj8j2rsd-af30aa70d1d6c8a0d01a72875c758c3a main_color avia-section-default avia-no-border-styling  avia-builder-el-7  el_after_av_section  el_before_av_section  how-to-buy-form av-desktop-hide av-medium-hide av-small-hide av-mini-hide avia-bg-style-scroll container_wrap fullsize'  ><div class='container av-section-cont-open' ><div class='template-page content  av-content-full alpha units'><div class='post-entry post-entry-type-page post-entry-4643'><div class='entry-content-wrapper clearfix'>\n\n<style type=\"text\/css\" data-created_by=\"avia_inline_auto\" id=\"style-css-av-3ojji-a9580fa831f94bf74015f7c688fa02f3\">\n.flex_column.av-3ojji-a9580fa831f94bf74015f7c688fa02f3{\nborder-radius:0px 0px 0px 0px;\npadding:0px 0px 0px 0px;\n}\n<\/style>\n<div  class='flex_column av-3ojji-a9580fa831f94bf74015f7c688fa02f3 av_one_full  avia-builder-el-8  avia-builder-el-no-sibling  first flex_column_div av-zero-column-padding  '     ><form action=\"https:\/\/advancetapes.com\/de\/so-kaufen-sie-bei-uns\/\" method=\"post\" data-fields-with-error=\"Fehler wurden in folgenden Feld(ern) gefunden:\" class=\"avia_ajax_form av-form-labels-visible   avia-builder-el-9  avia-builder-el-no-sibling   \" data-avia-form-id=\"1\" data-avia-redirect='' ><fieldset><p class='  first_form  form_element form_fullwidth' id='element_avia_1_1'><label for=\"avia_1_1\">Name* <abbr class=\"required\" title=\"ben\u00f6tigt\">*<\/abbr><\/label> <input name=\"avia_1_1\" class=\"text_input is_empty\" type=\"text\" id=\"avia_1_1\" value=\"\" \/><\/p><p class='  first_form  form_element form_fullwidth' id='element_avia_2_1'><label for=\"avia_2_1\">Email* <abbr class=\"required\" title=\"ben\u00f6tigt\">*<\/abbr><\/label> <input name=\"avia_2_1\" class=\"text_input is_email\" type=\"text\" id=\"avia_2_1\" value=\"\" \/><\/p><p class='  first_form  form_element form_fullwidth' id='element_avia_3_1'><label for=\"avia_3_1\">Name der Firma<\/label> <input name=\"avia_3_1\" class=\"text_input \" type=\"text\" id=\"avia_3_1\" value=\"\" \/><\/p><p class='  first_form  form_element form_fullwidth av-last-visible-form-element' id='element_avia_4_1'><label for=\"avia_4_1\" class=\"textare_label hidden textare_label_avia_4_1\">Anfrage<\/label><textarea  name=\"avia_4_1\" class=\"text_area \" cols=\"40\" rows=\"7\" id=\"avia_4_1\" ><\/textarea><\/p><p class=\"hidden\"><input type=\"text\" name=\"avia_5_1\" class=\"hidden \" id=\"avia_5_1\" value=\"\" \/><\/p><p class=\"form_element \"><input type=\"hidden\" value=\"1\" name=\"avia_generated_form1\" \/><input type=\"submit\" value=\"Submit\" class=\"button\"  data-sending-label=\"Sende\"\/><\/p><\/fieldset><\/form><div id=\"ajaxresponse_1\" class=\"ajaxresponse ajaxresponse_1 hidden\"><\/div><\/div>\n\n<\/div><\/div><\/div><!-- close content main div --><\/div><\/div>\n<style type=\"text\/css\" data-created_by=\"avia_inline_auto\" id=\"style-css-av-kj8eczvs-4a34dea25c22db65ad17d3983d93c25b\">\n.avia-section.av-kj8eczvs-4a34dea25c22db65ad17d3983d93c25b{\nbackground-color:#e6e7e8;\nbackground-image:unset;\n}\n<\/style>\n<div id='av_section_3'  class='avia-section av-kj8eczvs-4a34dea25c22db65ad17d3983d93c25b main_color avia-section-default avia-no-border-styling  avia-builder-el-10  el_after_av_section  avia-builder-el-last  avia-bg-style-scroll container_wrap fullsize'  ><div class='container av-section-cont-open' ><div class='template-page content  av-content-full alpha units'><div class='post-entry post-entry-type-page post-entry-4643'><div class='entry-content-wrapper clearfix'>\n<div class='flex_column_table av-3ojji-83a3786a52dd9400a9234336fed758c5 sc-av_one_full av-equal-height-column-flextable'>\n<style type=\"text\/css\" data-created_by=\"avia_inline_auto\" id=\"style-css-av-3ojji-83a3786a52dd9400a9234336fed758c5\">\n.flex_column.av-3ojji-83a3786a52dd9400a9234336fed758c5{\nborder-radius:0px 0px 0px 0px;\npadding:0px 0px 0px 0px;\n}\n<\/style>\n<div  class='flex_column av-3ojji-83a3786a52dd9400a9234336fed758c5 av_one_full  avia-builder-el-11  avia-builder-el-no-sibling  first flex_column_table_cell av-equal-height-column av-align-top av-zero-column-padding  '     ><p><form action=\"https:\/\/advancetapes.com\/de\/so-kaufen-sie-bei-uns\/\" method=\"post\" data-fields-with-error=\"Fehler wurden in folgenden Feld(ern) gefunden:\" class=\"avia_ajax_form av-form-labels-hidden   avia-builder-el-12  el_before_av_textblock  avia-builder-el-first    av-desktop-hide av-medium-hide av-small-hide av-mini-hide\" data-avia-form-id=\"2\" data-avia-redirect='' ><fieldset><p class='  first_form  form_element form_fullwidth' id='element_avia_1_2'><label for=\"avia_1_2\">Name <abbr class=\"required\" title=\"ben\u00f6tigt\">*<\/abbr><\/label> <input name=\"avia_1_2\" class=\"text_input is_empty\" type=\"text\" id=\"avia_1_2\" value=\"\"  placeholder='Name*'\/><\/p><p class='  first_form  form_element form_fullwidth' id='element_avia_2_2'><label for=\"avia_2_2\">E-Mail <abbr class=\"required\" title=\"ben\u00f6tigt\">*<\/abbr><\/label> <input name=\"avia_2_2\" class=\"text_input is_email\" type=\"text\" id=\"avia_2_2\" value=\"\"  placeholder='E-Mail*'\/><\/p><p class='  first_form  form_element form_fullwidth' id='element_avia_3_2'><label for=\"avia_3_2\">Company Name <abbr class=\"required\" title=\"ben\u00f6tigt\">*<\/abbr><\/label> <input name=\"avia_3_2\" class=\"text_input is_empty\" type=\"text\" id=\"avia_3_2\" value=\"\"  placeholder='Company Name*'\/><\/p><p class='  first_form  form_element form_fullwidth av-last-visible-form-element' id='element_avia_4_2'><label for=\"avia_4_2\" class=\"textare_label hidden textare_label_avia_4_2\">Enquiry <abbr class=\"required\" title=\"ben\u00f6tigt\">*<\/abbr><\/label><textarea  placeholder='Enquiry*' name=\"avia_4_2\" class=\"text_area is_empty\" cols=\"40\" rows=\"7\" id=\"avia_4_2\" ><\/textarea><\/p><p class=\"hidden\"><input type=\"text\" name=\"avia_5_2\" class=\"hidden \" id=\"avia_5_2\" value=\"\" \/><\/p><p class=\"form_element \"><input type=\"hidden\" value=\"1\" name=\"avia_generated_form2\" \/><input type=\"submit\" value=\"Submit\" class=\"button\"  data-sending-label=\"Sende\"\/><\/p><\/fieldset><\/form><div id=\"ajaxresponse_2\" class=\"ajaxresponse ajaxresponse_2 hidden\"><\/div><br \/>\n\n<style type=\"text\/css\" data-created_by=\"avia_inline_auto\" id=\"style-css-av-kj8h65uf-b3954cee224d3fc73b0aab151c505c77\">\n#top .av_textblock_section.av-kj8h65uf-b3954cee224d3fc73b0aab151c505c77 .avia_textblock{\ncolor:#0a0a0a;\n}\n<\/style>\n<section  class='av_textblock_section av-kj8h65uf-b3954cee224d3fc73b0aab151c505c77 '   itemscope=\"itemscope\" itemtype=\"https:\/\/schema.org\/CreativeWork\" ><div class='avia_textblock how-to-buy-detail-text av_inherit_color'  itemprop=\"text\" ><p style=\"text-align: center;\"><strong>Bitte f\u00fcllen Sie nachfolgendes Formular aus. Sie erhalten dann eine E-Mail mit den Kontaktdaten eines H\u00e4ndlers in Ihrer N\u00e4he<\/strong><\/p>\n<\/div><\/section><br \/>\n<div  class='avia-builder-widget-area clearfix  avia-builder-el-14  el_after_av_textblock  avia-builder-el-last '><div class=\"widget_text uxm_de\"><div class=\"textwidget custom-html-widget\"><script>\n\tfunction get_action() \n{\n   var response = grecaptcha.getResponse();\n    if(response.length == 0) {\n\t\tdocument.getElementById(\"errorcaptcha\").innerHTML = \"Please verify you are human.\";\n        return false;\n    }\n\telse\n\t\t{\n\t\treturn true;\t\n\t\t}\n        \n   \n}\t\n\n<\/script>\n<form action=\"https:\/\/webto.salesforce.com\/servlet\/servlet.WebToLead?encoding=UTF-8\" method=\"POST\"  onSubmit=\"return get_action()\" class=\"uxm_sales_force  get_help  req_sample uxm_contact\">\n\t<input type=hidden name='captcha_settings' value='{\"keyname\":\"ATreCaptcha\",\"fallback\":\"true\",\"orgId\":\"00D4K000003pag7\",\"ts\":\"\"}'>\n\t<input type=hidden name=\"oid\" value=\"00D4K000003pag7\">\n\t<input type=hidden name=\"retURL\" value=\"https:\/\/advancetapes.com\/danke-dass\/\">\n\t<div class=\"uxm_form_container\">\n\t\t<div class=\"uxm_col\">\n\t\t\t<label for=\"first_name\" class=\"hide\">First Name<\/label>\n\t\t\t<input  id=\"first_name\" maxlength=\"40\" name=\"first_name\" size=\"20\" type=\"text\" placeholder=\"Vorname\" class=\"half one\" \/>\n\t\t\t<label for=\"last_name\" class=\"hide\">Last Name<\/label>\n\t\t\t<input  id=\"last_name\" maxlength=\"80\" name=\"last_name\" size=\"20\" type=\"text\" class=\"half last\" placeholder=\"Name\" \/>\n\t\t\t<label for=\"company\" class=\"hide\">Company<\/label>\n\t\t\t<input  id=\"company\" maxlength=\"40\" name=\"company\" size=\"20\" type=\"text\" placeholder=\"Firma\" \/>\n\t\t\t<label for=\"Telefon\" class=\"hide\">Phone<\/label>\n\t\t\t<input  id=\"phone\" maxlength=\"40\" name=\"phone\" size=\"20\" type=\"text\" placeholder=\"Telefon \" \/>\n\t\t\t<label for=\"email\" class=\"hide\">Email<\/label>\n\t\t\t<input  id=\"email\" maxlength=\"80\" name=\"email\" size=\"20\" type=\"text\" placeholder=\"E-Mail\" \/>\n\t\t\t\n\t\t<\/div>\n\t\t<div class=\"uxm_col\">\n\t\t\t<label for=\"street\" class=\"hide\">Street<\/label>\n\t\t\t<textarea name=\"street\" placeholder=\"Adresse\"><\/textarea>\n\t\t<\/div>\n\t\t<div class=\"uxm_col\">\n\t\t\t<label for=\"city\" class=\"hide\">City<\/label>\n\t\t\t<input id=\"city\" maxlength=\"40\" name=\"city\" size=\"20\" type=\"text\" placeholder=\"Stadt\" \/>\n\t\t\t<label for=\"zip\" class=\"hide\">Zip<\/label>\n\t\t\t<input id=\"zip\" maxlength=\"20\" name=\"zip\" size=\"20\" type=\"text\" placeholder=\"Postleitzahl\" \/>\n\t\t\n\t\t\t<label for=\"country\" class=\"hide\">Country<\/label>\n\t\t\t<input id=\"country\" maxlength=\"40\" name=\"country\" size=\"20\" type=\"text\" placeholder=\"Land\" \/>\n\t\t\t<label  class=\"hide\">User or Distributor:<\/label>\n\t\t\t<select  id=\"00N4K000007yHQc\" name=\"00N4K000007yHQc\" title=\"User or Distributor\">\n\t\t\t\t<option value=\"\">Sind Sie Verbraucher oder H\u00e4ndler?<\/option>\n\t\t\t\t<option value=\"User\">Verbraucher<\/option>\n\t\t\t\t<option value=\"Distributor\">H\u00e4ndler<\/option>\n\t\t\t<\/select>\n\t\t<\/div>\n\t\t<div class=\"uxm_col\">\n\t\t\t<label  class=\"hide\">Welches Produkt m\u00f6chten Sie verkaufen?<\/label>\n\t\t\t<textarea  id=\"00N4K00000BTOO0\" name=\"00N4K00000BTOO0\" rows=\"3\" type=\"text\" wrap=\"soft\" placeholder=\"Wir k\u00f6nnen wir Dir heute helfen?\"><\/textarea>\n\t\t<\/div>\n\n\t\t<div class=\"uxm_col\">\n\t\t\t<label  class=\"hide\">Datenschutz-Bestimmungen Statement:<input  id=\"00N4K00000BTONg\" name=\"00N4K00000BTONg\" type=\"checkbox\" value=\"1\" \/><\/label>\n\t\t\t<label>Klicken Sie hier um Marketing-Informationen von Advance Tapes zu erhalten:<input  id=\"00N4K00000BTONl\" name=\"00N4K00000BTONl\" type=\"checkbox\" value=\"1\" \/><\/label><br>\n            <label>Beim Absenden dieser Anfrage erkl\u00e4ren Sie, dass Sie unsere AGB und unsere Datenschutzerkl\u00e4rung gelesen haben und damit einverstanden sind.<input id=\"00N4K00000BTONl\" name=\"00N4K00000BTONl\" type=\"checkbox\" value=\"1\" required><\/label><br>\n\t\t\t<label for=\"lead_source\" class=\"hide\">Lead Source<\/label>\n\t\t\t<select  id=\"lead_source\" name=\"lead_source\" class=\"hide\">\n\t\t\t\t<option value=\"\">Lead Source?<\/option>\n\t\t\t\t<option value=\"Advertisement\">Advertisement<\/option>\n\t\t\t\t<option value=\"Customer Event\">Customer Event<\/option>\n\t\t\t\t<option value=\"Employee Referral\">Employee Referral<\/option>\n\t\t\t\t<option value=\"Google AdWords\">Google AdWords<\/option>\n\t\t\t\t<option value=\"Other\">Other<\/option>\n\t\t\t\t<option value=\"Partner\">Partner<\/option>\n\t\t\t\t<option value=\"Purchased List\">Purchased List<\/option>\n\t\t\t\t<option value=\"Trade Show\">Trade Show<\/option>\n\t\t\t\t<option value=\"Webinar\">Webinar<\/option>\n\t\t\t\t<option value=\"Website\">Website<\/option>\n\t\t\t<\/select>\n\t\t\t<div class=\"g-recaptcha\" data-sitekey=\"6LfUEdUZAAAAABlSTsa-yxQgJF6j8ZLwJgigtqzP\"><\/div>\n\t\t\t<div id=\"errorcaptcha\" style=\"color:red\"><\/div>\n\t\t\t<div class=\"req_sample_btn\">\n\t\t\t\t<div class=\"uxmbtn_salse_force\"><input type=\"submit\" name=\"Senden\"><\/div>\n\t\t\t<\/div>\n\t\t<\/div>\n\t<\/div>\n<\/form><\/div><\/div><div class=\"uxm_de\">\n<pre class=\"wp-block-code\"><code><\/code><\/pre>\n<\/div><\/div><\/p><\/div><\/div><!--close column table wrapper. Autoclose: 1 -->\n","protected":false},"excerpt":{"rendered":"","protected":false},"author":455,"featured_media":0,"parent":0,"menu_order":0,"comment_status":"closed","ping_status":"closed","template":"","meta":{"_acf_changed":false,"footnotes":""},"class_list":["post-4643","page","type-page","status-publish","hentry"],"acf":[],"yoast_head":"<!-- This site is optimized with the Yoast SEO plugin v27.4 - https:\/\/yoast.com\/product\/yoast-seo-wordpress\/ -->\n<title>So kaufen Sie bei uns - Advance Tapes<\/title>\n<meta name=\"robots\" content=\"index, follow, max-snippet:-1, max-image-preview:large, max-video-preview:-1\" \/>\n<link rel=\"canonical\" href=\"https:\/\/advancetapes.com\/de\/so-kaufen-sie-bei-uns\/\" \/>\n<meta property=\"og:locale\" content=\"de_DE\" \/>\n<meta property=\"og:type\" content=\"article\" \/>\n<meta property=\"og:title\" content=\"So kaufen Sie bei uns - Advance Tapes\" \/>\n<meta property=\"og:url\" content=\"https:\/\/advancetapes.com\/de\/so-kaufen-sie-bei-uns\/\" \/>\n<meta property=\"og:site_name\" content=\"Advance Tapes\" \/>\n<meta property=\"article:modified_time\" content=\"2021-04-20T20:06:28+00:00\" \/>\n<meta name=\"twitter:card\" content=\"summary_large_image\" \/>\n<meta name=\"twitter:label1\" content=\"Est. reading time\" \/>\n\t<meta name=\"twitter:data1\" content=\"8 minutes\" \/>\n<!-- \/ Yoast SEO plugin. -->","yoast_head_json":{"title":"So kaufen Sie bei uns - Advance Tapes","robots":{"index":"index","follow":"follow","max-snippet":"max-snippet:-1","max-image-preview":"max-image-preview:large","max-video-preview":"max-video-preview:-1"},"canonical":"https:\/\/advancetapes.com\/de\/so-kaufen-sie-bei-uns\/","og_locale":"de_DE","og_type":"article","og_title":"So kaufen Sie bei uns - Advance Tapes","og_url":"https:\/\/advancetapes.com\/de\/so-kaufen-sie-bei-uns\/","og_site_name":"Advance Tapes","article_modified_time":"2021-04-20T20:06:28+00:00","twitter_card":"summary_large_image","twitter_misc":{"Est. reading time":"8 minutes"},"schema":{"@context":"https:\/\/schema.org","@graph":[{"@type":"WebPage","@id":"https:\/\/advancetapes.com\/de\/so-kaufen-sie-bei-uns\/","url":"https:\/\/advancetapes.com\/de\/so-kaufen-sie-bei-uns\/","name":"So kaufen Sie bei uns - Advance Tapes","isPartOf":{"@id":"https:\/\/advancetapes.com\/de\/#website"},"datePublished":"2021-01-24T11:13:49+00:00","dateModified":"2021-04-20T20:06:28+00:00","breadcrumb":{"@id":"https:\/\/advancetapes.com\/de\/so-kaufen-sie-bei-uns\/#breadcrumb"},"inLanguage":"de-DE","potentialAction":[{"@type":"ReadAction","target":["https:\/\/advancetapes.com\/de\/so-kaufen-sie-bei-uns\/"]}]},{"@type":"BreadcrumbList","@id":"https:\/\/advancetapes.com\/de\/so-kaufen-sie-bei-uns\/#breadcrumb","itemListElement":[{"@type":"ListItem","position":1,"name":"Home","item":"https:\/\/advancetapes.com\/de\/"},{"@type":"ListItem","position":2,"name":"So kaufen Sie bei uns"}]},{"@type":"WebSite","@id":"https:\/\/advancetapes.com\/de\/#website","url":"https:\/\/advancetapes.com\/de\/","name":"Advance Tapes","description":"Adding more to adhesive tape","potentialAction":[{"@type":"SearchAction","target":{"@type":"EntryPoint","urlTemplate":"https:\/\/advancetapes.com\/de\/?s={search_term_string}"},"query-input":{"@type":"PropertyValueSpecification","valueRequired":true,"valueName":"search_term_string"}}],"inLanguage":"de-DE"}]}},"_links":{"self":[{"href":"https:\/\/advancetapes.com\/de\/wp-json\/wp\/v2\/pages\/4643","targetHints":{"allow":["GET"]}}],"collection":[{"href":"https:\/\/advancetapes.com\/de\/wp-json\/wp\/v2\/pages"}],"about":[{"href":"https:\/\/advancetapes.com\/de\/wp-json\/wp\/v2\/types\/page"}],"author":[{"embeddable":true,"href":"https:\/\/advancetapes.com\/de\/wp-json\/wp\/v2\/users\/455"}],"replies":[{"embeddable":true,"href":"https:\/\/advancetapes.com\/de\/wp-json\/wp\/v2\/comments?post=4643"}],"version-history":[{"count":0,"href":"https:\/\/advancetapes.com\/de\/wp-json\/wp\/v2\/pages\/4643\/revisions"}],"wp:attachment":[{"href":"https:\/\/advancetapes.com\/de\/wp-json\/wp\/v2\/media?parent=4643"}],"curies":[{"name":"wp","href":"https:\/\/api.w.org\/{rel}","templated":true}]}}