{"id":4627,"date":"2021-01-24T11:10:14","date_gmt":"2021-01-24T11:10:14","guid":{"rendered":"https:\/\/advancetapes.com\/beschichten-konvertierung\/"},"modified":"2021-02-04T01:02:05","modified_gmt":"2021-02-04T01:02:05","slug":"beschichten-konvertierung","status":"publish","type":"page","link":"https:\/\/advancetapes.com\/de\/beschichten-konvertierung\/","title":{"rendered":"Beschichten &#038; Konvertierung"},"content":{"rendered":"\n<style type=\"text\/css\" data-created_by=\"avia_inline_auto\" id=\"style-css-av-1m833-3ce70b3eafff02ef001514831f58d9f0\">\n.flex_column.av-1m833-3ce70b3eafff02ef001514831f58d9f0{\nborder-radius:0px 0px 0px 0px;\npadding:0px 0px 0px 0px;\n}\n<\/style>\n<div  class='flex_column av-1m833-3ce70b3eafff02ef001514831f58d9f0 av_three_fifth  avia-builder-el-0  el_before_av_two_fifth  avia-builder-el-first  first flex_column_div av-zero-column-padding  '     ><p>\n<style type=\"text\/css\" data-created_by=\"avia_inline_auto\" id=\"style-css-av-kjk3vlgm-931f964f1396d6f0b7dd3bc6a64f21e9\">\n#top .av-special-heading.av-kjk3vlgm-931f964f1396d6f0b7dd3bc6a64f21e9{\npadding-bottom:10px;\ncolor:#008b98;\n}\nbody .av-special-heading.av-kjk3vlgm-931f964f1396d6f0b7dd3bc6a64f21e9 .av-special-heading-tag .heading-char{\nfont-size:25px;\n}\n.av-special-heading.av-kjk3vlgm-931f964f1396d6f0b7dd3bc6a64f21e9 .special-heading-inner-border{\nborder-color:#008b98;\n}\n.av-special-heading.av-kjk3vlgm-931f964f1396d6f0b7dd3bc6a64f21e9 .av-subheading{\nfont-size:15px;\n}\n<\/style>\n<div  class='av-special-heading av-kjk3vlgm-931f964f1396d6f0b7dd3bc6a64f21e9 av-special-heading-h1 custom-color-heading blockquote modern-quote  avia-builder-el-1  el_before_av_textblock  avia-builder-el-first '><h1 class='av-special-heading-tag '  itemprop=\"headline\"  >Beschichten <span class='special_amp'>&amp;<\/span> Konvertierung<\/h1><div class=\"special-heading-border\"><div class=\"special-heading-inner-border\"><\/div><\/div><\/div><br \/>\n<section  class='av_textblock_section av-kj8h65uf-edea984f2e0287259c52cc1cbe9cc71f '   itemscope=\"itemscope\" itemtype=\"https:\/\/schema.org\/CreativeWork\" ><div class='avia_textblock'  itemprop=\"text\" ><p>Alle Kleber basieren auf eigenen Rezepturen oder wurden von uns spezifiziert, was uns die volle Kontrolle der Produktgestaltung gibt. Unsere Fachkenntnisse erm\u00f6glichen es uns, kundenspezifische Eigenschaften in das Endprodukt zu integrieren. Advance Tapes hat die Kapazit\u00e4t, kontinuierlich Kleber weiter zu entwickeln, wenn dies z.B. die Umweltschutzbestimmungen vorschreiben oder wenn sich die Kundenanforderungen \u00e4ndern.<\/p>\n<\/div><\/section><\/p><\/div>\n\n<style type=\"text\/css\" data-created_by=\"avia_inline_auto\" id=\"style-css-av-rukf-84d0dbd71e2f174eb2a263e0cb6bf5dc\">\n.flex_column.av-rukf-84d0dbd71e2f174eb2a263e0cb6bf5dc{\nborder-radius:0px 0px 0px 0px;\npadding:0px 0px 0px 0px;\n}\n<\/style>\n<div  class='flex_column av-rukf-84d0dbd71e2f174eb2a263e0cb6bf5dc av_two_fifth  avia-builder-el-3  el_after_av_three_fifth  el_before_av_section  avia-builder-el-last  flex_column_div av-zero-column-padding  '     ><style type=\"text\/css\" data-created_by=\"avia_inline_auto\" id=\"style-css-av-kj8h70yu-0a1e92904429c21e9ad1fe1b4b5d7283\">\n.avia-image-container.av-kj8h70yu-0a1e92904429c21e9ad1fe1b4b5d7283 img.avia_image{\nbox-shadow:none;\n}\n.avia-image-container.av-kj8h70yu-0a1e92904429c21e9ad1fe1b4b5d7283 .av-image-caption-overlay-center{\ncolor:#ffffff;\n}\n<\/style>\n<div  class='avia-image-container av-kj8h70yu-0a1e92904429c21e9ad1fe1b4b5d7283 av-styling- avia-align-center  avia-builder-el-4  avia-builder-el-no-sibling '   itemprop=\"image\" itemscope=\"itemscope\" itemtype=\"https:\/\/schema.org\/ImageObject\" ><div class=\"avia-image-container-inner\"><div class=\"avia-image-overlay-wrap\"><img decoding=\"async\" fetchpriority=\"high\" class='wp-image-2465 avia-img-lazy-loading-not-2465 avia_image ' src=\"https:\/\/advancetapes.com\/wp-content\/uploads\/2020\/12\/Advance-Coating-and-Converting.jpg\" alt='' title='Advance-Coating-and-Converting'  height=\"600\" width=\"800\"  itemprop=\"thumbnailUrl\" srcset=\"https:\/\/advancetapes.com\/wp-content\/uploads\/2020\/12\/Advance-Coating-and-Converting.jpg 800w, https:\/\/advancetapes.com\/wp-content\/uploads\/2020\/12\/Advance-Coating-and-Converting-600x450.jpg 600w, https:\/\/advancetapes.com\/wp-content\/uploads\/2020\/12\/Advance-Coating-and-Converting-300x225.jpg 300w, https:\/\/advancetapes.com\/wp-content\/uploads\/2020\/12\/Advance-Coating-and-Converting-768x576.jpg 768w, https:\/\/advancetapes.com\/wp-content\/uploads\/2020\/12\/Advance-Coating-and-Converting-705x529.jpg 705w\" sizes=\"(max-width: 800px) 100vw, 800px\" \/><\/div><\/div><\/div><\/div>\n<\/div><\/div><\/div><!-- close content main div --><\/div><\/div>\n<style type=\"text\/css\" data-created_by=\"avia_inline_auto\" id=\"style-css-av-kj8h8zq6-4a5a731bdbc6235b6a331047f1cff24e\">\n.avia-section.av-kj8h8zq6-4a5a731bdbc6235b6a331047f1cff24e{\nbackground-color:#e6e7e8;\nbackground-image:unset;\n}\n<\/style>\n<div id='av_section_1'  class='avia-section av-kj8h8zq6-4a5a731bdbc6235b6a331047f1cff24e main_color avia-section-no-padding avia-no-border-styling  avia-builder-el-5  el_after_av_two_fifth  avia-builder-el-last  avia-bg-style-scroll container_wrap fullsize'  ><div class='container av-section-cont-open' ><div class='template-page content  av-content-full alpha units'><div class='post-entry post-entry-type-page post-entry-4627'><div class='entry-content-wrapper clearfix'>\n\n<style type=\"text\/css\" data-created_by=\"avia_inline_auto\" id=\"style-css-av-32e3f-d7dd23c1d2c0d74740d560583e02635b\">\n#top .av-special-heading.av-32e3f-d7dd23c1d2c0d74740d560583e02635b{\nmargin:30px 0 0 0;\npadding-bottom:10px;\ncolor:#008b98;\n}\nbody .av-special-heading.av-32e3f-d7dd23c1d2c0d74740d560583e02635b .av-special-heading-tag .heading-char{\nfont-size:25px;\n}\n.av-special-heading.av-32e3f-d7dd23c1d2c0d74740d560583e02635b .special-heading-inner-border{\nborder-color:#008b98;\n}\n.av-special-heading.av-32e3f-d7dd23c1d2c0d74740d560583e02635b .av-subheading{\nfont-size:15px;\n}\n<\/style>\n<div  class='av-special-heading av-32e3f-d7dd23c1d2c0d74740d560583e02635b av-special-heading-h1 custom-color-heading blockquote modern-quote  avia-builder-el-6  el_before_av_one_third  avia-builder-el-first '><h1 class='av-special-heading-tag '  itemprop=\"headline\"  >Beschichtung<\/h1><div class=\"special-heading-border\"><div class=\"special-heading-inner-border\"><\/div><\/div><\/div>\n\n<style type=\"text\/css\" data-created_by=\"avia_inline_auto\" id=\"style-css-av-10bff-28af6979dc8cb5901ffc315c111debe3\">\n.flex_column.av-10bff-28af6979dc8cb5901ffc315c111debe3{\nborder-radius:0px 0px 0px 0px;\n}\n<\/style>\n<div  class='flex_column av-10bff-28af6979dc8cb5901ffc315c111debe3 av_one_third  avia-builder-el-7  el_after_av_heading  el_before_av_two_third  first no_margin flex_column_div  '     ><style type=\"text\/css\" data-created_by=\"avia_inline_auto\" id=\"style-css-av-kj8itaur-feed469a8ee104dfb6f72cb4d23215e2\">\n.avia-image-container.av-kj8itaur-feed469a8ee104dfb6f72cb4d23215e2 img.avia_image{\nbox-shadow:none;\n}\n.avia-image-container.av-kj8itaur-feed469a8ee104dfb6f72cb4d23215e2 .av-image-caption-overlay-center{\ncolor:#ffffff;\n}\n<\/style>\n<div  class='avia-image-container av-kj8itaur-feed469a8ee104dfb6f72cb4d23215e2 av-styling- avia-align-left  avia-builder-el-8  avia-builder-el-no-sibling '   itemprop=\"image\" itemscope=\"itemscope\" itemtype=\"https:\/\/schema.org\/ImageObject\" ><div class=\"avia-image-container-inner\"><div class=\"avia-image-overlay-wrap\"><img decoding=\"async\" fetchpriority=\"high\" class='wp-image-2469 avia-img-lazy-loading-not-2469 avia_image ' src=\"https:\/\/advancetapes.com\/wp-content\/uploads\/2020\/12\/Advance-State-of-the-art-cloth-line-300x225-2.jpg\" alt='' title='Advance-State-of-the-art-cloth-line-300x225'  height=\"225\" width=\"300\"  itemprop=\"thumbnailUrl\"  \/><\/div><\/div><\/div><\/div>\n<style type=\"text\/css\" data-created_by=\"avia_inline_auto\" id=\"style-css-av-10bff-d3206d2f78c57862e8f79d453ea51d81\">\n.flex_column.av-10bff-d3206d2f78c57862e8f79d453ea51d81{\nborder-radius:0px 0px 0px 0px;\n}\n<\/style>\n<div  class='flex_column av-10bff-d3206d2f78c57862e8f79d453ea51d81 av_two_third  avia-builder-el-9  el_after_av_one_third  el_before_av_one_third  no_margin flex_column_div  '     ><p>\n<style type=\"text\/css\" data-created_by=\"avia_inline_auto\" id=\"style-css-av-2uh53-c2e21493e7dee051fa2efa8645862e22\">\n#top .av-special-heading.av-2uh53-c2e21493e7dee051fa2efa8645862e22{\nmargin:0px 0 0 0;\npadding-bottom:0;\ncolor:#008b98;\n}\nbody .av-special-heading.av-2uh53-c2e21493e7dee051fa2efa8645862e22 .av-special-heading-tag .heading-char{\nfont-size:25px;\n}\n.av-special-heading.av-2uh53-c2e21493e7dee051fa2efa8645862e22 .special-heading-inner-border{\nborder-color:#008b98;\n}\n.av-special-heading.av-2uh53-c2e21493e7dee051fa2efa8645862e22 .av-subheading{\nfont-size:15px;\n}\n<\/style>\n<div  class='av-special-heading av-2uh53-c2e21493e7dee051fa2efa8645862e22 av-special-heading-h4 custom-color-heading blockquote modern-quote  avia-builder-el-10  el_before_av_textblock  avia-builder-el-first '><h4 class='av-special-heading-tag '  itemprop=\"headline\"  >Gewebebeschichtung<\/h4><div class=\"special-heading-border\"><div class=\"special-heading-inner-border\"><\/div><\/div><\/div><br \/>\n<section  class='av_textblock_section av-kj8hi49m-b12da2e1d8bed5d4bd6acf6e4f396603 '   itemscope=\"itemscope\" itemtype=\"https:\/\/schema.org\/CreativeWork\" ><div class='avia_textblock'  itemprop=\"text\" ><p>Advance Tapes beschichtet Klebeb\u00e4nder seit fast 50 Jahren. 2013 war ein Wendepunkt in unserer Beschichtungstechnik: es wurde in eine hochmoderne, vollautomatische Misch- und Beschichtungsanlage investiert. Dieser Rekord-Investition von 4 Millionen Pfund gingen 2 Jahre umfangreicher Planungen und Organisation voraus.<br \/>\nDie neue Anlage bietet viele Vorteile: gesteigerte Kapazit\u00e4t, verbesserten Service und durch den Einsatz neuester Technologie weitere M\u00f6glichkeiten f\u00fcr die Entwicklung neuer und verbesserter \u00dcberwachung bestehender Produkte.<\/p>\n<\/div><\/section><br \/>\n\n<style type=\"text\/css\" data-created_by=\"avia_inline_auto\" id=\"style-css-av-251mr-667a776d614db6c3630c6586897cc847\">\n#top .av-special-heading.av-251mr-667a776d614db6c3630c6586897cc847{\npadding-bottom:0;\ncolor:#008b98;\n}\nbody .av-special-heading.av-251mr-667a776d614db6c3630c6586897cc847 .av-special-heading-tag .heading-char{\nfont-size:25px;\n}\n.av-special-heading.av-251mr-667a776d614db6c3630c6586897cc847 .special-heading-inner-border{\nborder-color:#008b98;\n}\n.av-special-heading.av-251mr-667a776d614db6c3630c6586897cc847 .av-subheading{\nfont-size:15px;\n}\n<\/style>\n<div  class='av-special-heading av-251mr-667a776d614db6c3630c6586897cc847 av-special-heading-h4 custom-color-heading blockquote modern-quote  avia-builder-el-12  el_after_av_textblock  el_before_av_textblock '><h4 class='av-special-heading-tag '  itemprop=\"headline\"  >Folienbeschichtung<\/h4><div class=\"special-heading-border\"><div class=\"special-heading-inner-border\"><\/div><\/div><\/div><br \/>\n<section  class='av_textblock_section av-kj8hi49m-b12da2e1d8bed5d4bd6acf6e4f396603 '   itemscope=\"itemscope\" itemtype=\"https:\/\/schema.org\/CreativeWork\" ><div class='avia_textblock'  itemprop=\"text\" ><p>Umfassende Kenntnis der Beschichtungstechnik, jahrelange Erfahrung und Eigenfertigung erm\u00f6glichen Advance, den Kunden sowohl Beschichtung von Fertigprodukten als auch Auftragsbeschichtung einer Vielzahl von Tr\u00e4gern und Untergr\u00fcnden zu bieten.<\/p>\n<\/div><\/section><br \/>\n\n<style type=\"text\/css\" data-created_by=\"avia_inline_auto\" id=\"style-css-av-4lon-797276d5eae774ff448ff9a2dad7cfa8\">\n#top .av-special-heading.av-4lon-797276d5eae774ff448ff9a2dad7cfa8{\npadding-bottom:0;\ncolor:#008b98;\n}\nbody .av-special-heading.av-4lon-797276d5eae774ff448ff9a2dad7cfa8 .av-special-heading-tag .heading-char{\nfont-size:25px;\n}\n.av-special-heading.av-4lon-797276d5eae774ff448ff9a2dad7cfa8 .special-heading-inner-border{\nborder-color:#008b98;\n}\n.av-special-heading.av-4lon-797276d5eae774ff448ff9a2dad7cfa8 .av-subheading{\nfont-size:15px;\n}\n<\/style>\n<div  class='av-special-heading av-4lon-797276d5eae774ff448ff9a2dad7cfa8 av-special-heading-h4 custom-color-heading blockquote modern-quote  avia-builder-el-14  el_after_av_textblock  el_before_av_textblock '><h4 class='av-special-heading-tag '  itemprop=\"headline\"  >Andere Klebeband-Typen<\/h4><div class=\"special-heading-border\"><div class=\"special-heading-inner-border\"><\/div><\/div><\/div><br \/>\n<section  class='av_textblock_section av-kj8hi49m-b12da2e1d8bed5d4bd6acf6e4f396603 '   itemscope=\"itemscope\" itemtype=\"https:\/\/schema.org\/CreativeWork\" ><div class='avia_textblock'  itemprop=\"text\" ><p>Eine vollst\u00e4ndige Liste unserer Produkte und Tr\u00e4germaterialien finden Sie unter \u201eUnsere Klebebandtypen.<\/p>\n<\/div><\/section><\/p><\/div>\n<style type=\"text\/css\" data-created_by=\"avia_inline_auto\" id=\"style-css-av-10bff-28af6979dc8cb5901ffc315c111debe3\">\n.flex_column.av-10bff-28af6979dc8cb5901ffc315c111debe3{\nborder-radius:0px 0px 0px 0px;\n}\n<\/style>\n<div  class='flex_column av-10bff-28af6979dc8cb5901ffc315c111debe3 av_one_third  avia-builder-el-16  el_after_av_two_third  el_before_av_two_third  first no_margin flex_column_div  column-top-margin'     ><style type=\"text\/css\" data-created_by=\"avia_inline_auto\" id=\"style-css-av-kj8hcmal-c3c03118f95053f11966e0cf04e77aed\">\n.avia-image-container.av-kj8hcmal-c3c03118f95053f11966e0cf04e77aed img.avia_image{\nbox-shadow:none;\n}\n.avia-image-container.av-kj8hcmal-c3c03118f95053f11966e0cf04e77aed .av-image-caption-overlay-center{\ncolor:#ffffff;\n}\n<\/style>\n<div  class='avia-image-container av-kj8hcmal-c3c03118f95053f11966e0cf04e77aed av-styling- avia-align-left  avia-builder-el-17  avia-builder-el-no-sibling '   itemprop=\"image\" itemscope=\"itemscope\" itemtype=\"https:\/\/schema.org\/ImageObject\" ><div class=\"avia-image-container-inner\"><div class=\"avia-image-overlay-wrap\"><img decoding=\"async\" fetchpriority=\"high\" class='wp-image-2471 avia-img-lazy-loading-not-2471 avia_image ' src=\"https:\/\/advancetapes.com\/wp-content\/uploads\/2020\/12\/Advance-Tape-Converting-bespoke-product-300x225-1.jpg\" alt='' title='Advance-Tape-Converting-bespoke-product-300x225'  height=\"225\" width=\"300\"  itemprop=\"thumbnailUrl\"  \/><\/div><\/div><\/div><\/div>\n<style type=\"text\/css\" data-created_by=\"avia_inline_auto\" id=\"style-css-av-10bff-d3206d2f78c57862e8f79d453ea51d81\">\n.flex_column.av-10bff-d3206d2f78c57862e8f79d453ea51d81{\nborder-radius:0px 0px 0px 0px;\n}\n<\/style>\n<div  class='flex_column av-10bff-d3206d2f78c57862e8f79d453ea51d81 av_two_third  avia-builder-el-18  el_after_av_one_third  el_before_av_three_fifth  no_margin flex_column_div  column-top-margin'     ><p>\n<style type=\"text\/css\" data-created_by=\"avia_inline_auto\" id=\"style-css-av-ourv-04c81d2005309fafdda4f9b6eebc9147\">\n#top .av-special-heading.av-ourv-04c81d2005309fafdda4f9b6eebc9147{\nmargin:0px 0 0 0;\npadding-bottom:0;\ncolor:#008b98;\n}\nbody .av-special-heading.av-ourv-04c81d2005309fafdda4f9b6eebc9147 .av-special-heading-tag .heading-char{\nfont-size:25px;\n}\n.av-special-heading.av-ourv-04c81d2005309fafdda4f9b6eebc9147 .special-heading-inner-border{\nborder-color:#008b98;\n}\n.av-special-heading.av-ourv-04c81d2005309fafdda4f9b6eebc9147 .av-subheading{\nfont-size:15px;\n}\n<\/style>\n<div  class='av-special-heading av-ourv-04c81d2005309fafdda4f9b6eebc9147 av-special-heading-h2 custom-color-heading blockquote modern-quote  avia-builder-el-19  el_before_av_textblock  avia-builder-el-first '><h2 class='av-special-heading-tag '  itemprop=\"headline\"  >Konvertieren<\/h2><div class=\"special-heading-border\"><div class=\"special-heading-inner-border\"><\/div><\/div><\/div><br \/>\n<section  class='av_textblock_section av-kj8hi49m-b12da2e1d8bed5d4bd6acf6e4f396603 '   itemscope=\"itemscope\" itemtype=\"https:\/\/schema.org\/CreativeWork\" ><div class='avia_textblock'  itemprop=\"text\" ><p>Die Ausweitung unserer eigenen Verarbeitungskapazit\u00e4t war bereits in den vergangenen Jahren von gro\u00dfer Wichtigkeit f\u00fcr Advance resultierend in ma\u00dfgeblichen Investitionen neuer Maschinen, wie eine voll automatische Schneide- und Wickelmaschine und einen neuen Lathe-Cutter. In unserer franz\u00f6sichen Niederlassung wurde letztes Jahr eine Schneidemaschine installiert, um den schnell wachsenden Markt besser bedienen zu k\u00f6nnen.<\/p>\n<p>Wir k\u00f6nnen eine Vielzahl von Breiten und L\u00e4ngen schneiden und die Produkte nach Kundenanforderungen anpassen.<\/p>\n<p>Advance arbeitet auch mit spezialisierten Konvertern zusammen, um besondere Kundenanforderungen zu realisieren.<\/p>\n<\/div><\/section><\/p><\/div>\n<style type=\"text\/css\" data-created_by=\"avia_inline_auto\" id=\"style-css-av-p0en-546dfe6c6db06d250d89d32986aef4d2\">\n#top .flex_column.av-p0en-546dfe6c6db06d250d89d32986aef4d2{\nmargin-top:50px;\nmargin-bottom:0px;\n}\n.flex_column.av-p0en-546dfe6c6db06d250d89d32986aef4d2{\nborder-radius:0px 0px 0px 0px;\npadding:0px 0px 0px 0px;\n}\n.responsive #top #wrap_all .flex_column.av-p0en-546dfe6c6db06d250d89d32986aef4d2{\nmargin-top:50px;\nmargin-bottom:0px;\n}\n<\/style>\n<div  class='flex_column av-p0en-546dfe6c6db06d250d89d32986aef4d2 av_three_fifth  avia-builder-el-21  el_after_av_two_third  avia-builder-el-last  first flex_column_div av-zero-column-padding  column-top-margin'     ><style type=\"text\/css\" data-created_by=\"avia_inline_auto\" id=\"style-css-av-kj8i5oiy-189c8d18c9af06e0a21358b38ca28296\">\n.avia-video.av-kj8i5oiy-189c8d18c9af06e0a21358b38ca28296{\npadding-bottom:56%;\n}\n<\/style>\n<div  class='avia-video av-kj8i5oiy-189c8d18c9af06e0a21358b38ca28296 avia-video-custom av-no-preview-image avia-video-load-always av-lazyload-immediate av-lazyload-video-embed'  itemprop=\"video\" itemtype=\"https:\/\/schema.org\/VideoObject\"  data-original_url='https:\/\/youtu.be\/O_3yd6RMCXs'><script type='text\/html' class='av-video-tmpl'><div class='avia-iframe-wrap'><iframe loading=\"lazy\" title=\"Advance Tapes - Our New Converting Line\" width=\"1500\" height=\"844\" src=\"https:\/\/www.youtube.com\/embed\/O_3yd6RMCXs?feature=oembed&autoplay=0&loop=0&controls=1&mute=0\" frameborder=\"0\" allow=\"accelerometer; autoplay; clipboard-write; encrypted-media; gyroscope; picture-in-picture\" allowfullscreen><\/iframe><\/div><\/script><div class='av-click-to-play-overlay'><div class=\"avia_playpause_icon\"><\/div><\/div><\/div><\/div>\n\n","protected":false},"excerpt":{"rendered":"","protected":false},"author":455,"featured_media":0,"parent":0,"menu_order":0,"comment_status":"closed","ping_status":"closed","template":"","meta":{"_acf_changed":false,"footnotes":""},"class_list":["post-4627","page","type-page","status-publish","hentry"],"acf":[],"yoast_head":"<!-- This site is optimized with the Yoast SEO plugin v27.3 - https:\/\/yoast.com\/product\/yoast-seo-wordpress\/ -->\n<title>Beschichten &amp; Konvertierung - Advance Tapes<\/title>\n<meta name=\"robots\" content=\"index, follow, max-snippet:-1, max-image-preview:large, max-video-preview:-1\" \/>\n<link rel=\"canonical\" href=\"https:\/\/advancetapes.com\/de\/beschichten-konvertierung\/\" \/>\n<meta property=\"og:locale\" content=\"de_DE\" \/>\n<meta property=\"og:type\" content=\"article\" \/>\n<meta property=\"og:title\" content=\"Beschichten &amp; Konvertierung - Advance Tapes\" \/>\n<meta property=\"og:url\" content=\"https:\/\/advancetapes.com\/de\/beschichten-konvertierung\/\" \/>\n<meta property=\"og:site_name\" content=\"Advance Tapes\" \/>\n<meta property=\"article:modified_time\" content=\"2021-02-04T01:02:05+00:00\" \/>\n<meta name=\"twitter:card\" content=\"summary_large_image\" \/>\n<meta name=\"twitter:label1\" content=\"Est. reading time\" \/>\n\t<meta name=\"twitter:data1\" content=\"11 minutes\" \/>\n<!-- \/ Yoast SEO plugin. -->","yoast_head_json":{"title":"Beschichten & Konvertierung - Advance Tapes","robots":{"index":"index","follow":"follow","max-snippet":"max-snippet:-1","max-image-preview":"max-image-preview:large","max-video-preview":"max-video-preview:-1"},"canonical":"https:\/\/advancetapes.com\/de\/beschichten-konvertierung\/","og_locale":"de_DE","og_type":"article","og_title":"Beschichten & Konvertierung - Advance Tapes","og_url":"https:\/\/advancetapes.com\/de\/beschichten-konvertierung\/","og_site_name":"Advance Tapes","article_modified_time":"2021-02-04T01:02:05+00:00","twitter_card":"summary_large_image","twitter_misc":{"Est. reading time":"11 minutes"},"schema":{"@context":"https:\/\/schema.org","@graph":[{"@type":"WebPage","@id":"https:\/\/advancetapes.com\/de\/beschichten-konvertierung\/","url":"https:\/\/advancetapes.com\/de\/beschichten-konvertierung\/","name":"Beschichten & Konvertierung - Advance Tapes","isPartOf":{"@id":"https:\/\/advancetapes.com\/de\/#website"},"datePublished":"2021-01-24T11:10:14+00:00","dateModified":"2021-02-04T01:02:05+00:00","breadcrumb":{"@id":"https:\/\/advancetapes.com\/de\/beschichten-konvertierung\/#breadcrumb"},"inLanguage":"de-DE","potentialAction":[{"@type":"ReadAction","target":["https:\/\/advancetapes.com\/de\/beschichten-konvertierung\/"]}]},{"@type":"BreadcrumbList","@id":"https:\/\/advancetapes.com\/de\/beschichten-konvertierung\/#breadcrumb","itemListElement":[{"@type":"ListItem","position":1,"name":"Home","item":"https:\/\/advancetapes.com\/de\/"},{"@type":"ListItem","position":2,"name":"Beschichten &#038; Konvertierung"}]},{"@type":"WebSite","@id":"https:\/\/advancetapes.com\/de\/#website","url":"https:\/\/advancetapes.com\/de\/","name":"Advance Tapes","description":"Adding more to adhesive tape","potentialAction":[{"@type":"SearchAction","target":{"@type":"EntryPoint","urlTemplate":"https:\/\/advancetapes.com\/de\/?s={search_term_string}"},"query-input":{"@type":"PropertyValueSpecification","valueRequired":true,"valueName":"search_term_string"}}],"inLanguage":"de-DE"}]}},"_links":{"self":[{"href":"https:\/\/advancetapes.com\/de\/wp-json\/wp\/v2\/pages\/4627","targetHints":{"allow":["GET"]}}],"collection":[{"href":"https:\/\/advancetapes.com\/de\/wp-json\/wp\/v2\/pages"}],"about":[{"href":"https:\/\/advancetapes.com\/de\/wp-json\/wp\/v2\/types\/page"}],"author":[{"embeddable":true,"href":"https:\/\/advancetapes.com\/de\/wp-json\/wp\/v2\/users\/455"}],"replies":[{"embeddable":true,"href":"https:\/\/advancetapes.com\/de\/wp-json\/wp\/v2\/comments?post=4627"}],"version-history":[{"count":0,"href":"https:\/\/advancetapes.com\/de\/wp-json\/wp\/v2\/pages\/4627\/revisions"}],"wp:attachment":[{"href":"https:\/\/advancetapes.com\/de\/wp-json\/wp\/v2\/media?parent=4627"}],"curies":[{"name":"wp","href":"https:\/\/api.w.org\/{rel}","templated":true}]}}