{"id":4618,"date":"2021-01-24T11:04:52","date_gmt":"2021-01-24T11:04:52","guid":{"rendered":"https:\/\/advancetapes.com\/produktion\/"},"modified":"2021-01-26T16:01:50","modified_gmt":"2021-01-26T16:01:50","slug":"produktion","status":"publish","type":"page","link":"https:\/\/advancetapes.com\/de\/produktion\/","title":{"rendered":"Produktion"},"content":{"rendered":"<div class='flex_column_table av-kjk3kxdc-97d85178da9a706cd2fe9580d6009f7f sc-av_one_half av-equal-height-column-flextable'>\n<style type=\"text\/css\" data-created_by=\"avia_inline_auto\" id=\"style-css-av-kjk3kxdc-97d85178da9a706cd2fe9580d6009f7f\">\n.flex_column.av-kjk3kxdc-97d85178da9a706cd2fe9580d6009f7f{\nborder-radius:0px 0px 0px 0px;\npadding:0px 0px 0px 0px;\n}\n<\/style>\n<div  class='flex_column av-kjk3kxdc-97d85178da9a706cd2fe9580d6009f7f av_one_half  avia-builder-el-0  el_before_av_one_half  avia-builder-el-first  first flex_column_table_cell av-equal-height-column av-align-middle av-zero-column-padding  '     ><p>\n<style type=\"text\/css\" data-created_by=\"avia_inline_auto\" id=\"style-css-av-1qslc-337a102d991e0f03d3a7d19e674dc806\">\n#top .av-special-heading.av-1qslc-337a102d991e0f03d3a7d19e674dc806{\npadding-bottom:10px;\ncolor:#5bb4bd;\nfont-size:36px;\n}\nbody .av-special-heading.av-1qslc-337a102d991e0f03d3a7d19e674dc806 .av-special-heading-tag .heading-char{\nfont-size:25px;\n}\n#top #wrap_all .av-special-heading.av-1qslc-337a102d991e0f03d3a7d19e674dc806 .av-special-heading-tag{\nfont-size:36px;\n}\n.av-special-heading.av-1qslc-337a102d991e0f03d3a7d19e674dc806 .special-heading-inner-border{\nborder-color:#5bb4bd;\n}\n.av-special-heading.av-1qslc-337a102d991e0f03d3a7d19e674dc806 .av-subheading{\nfont-size:15px;\n}\n\n@media only screen and (min-width: 480px) and (max-width: 767px){ \n#top #wrap_all .av-special-heading.av-1qslc-337a102d991e0f03d3a7d19e674dc806 .av-special-heading-tag{\nfont-size:0.8em;\n}\n}\n\n@media only screen and (max-width: 479px){ \n#top #wrap_all .av-special-heading.av-1qslc-337a102d991e0f03d3a7d19e674dc806 .av-special-heading-tag{\nfont-size:0.8em;\n}\n}\n<\/style>\n<div  class='av-special-heading av-1qslc-337a102d991e0f03d3a7d19e674dc806 av-special-heading-h1 custom-color-heading blockquote modern-quote  avia-builder-el-1  el_before_av_textblock  avia-builder-el-first  av-inherit-size'><h1 class='av-special-heading-tag '  itemprop=\"headline\"  >Produktion<\/h1><div class=\"special-heading-border\"><div class=\"special-heading-inner-border\"><\/div><\/div><\/div><br \/>\n<section  class='av_textblock_section av-kj8gofeh-92697262c19a296a9c04f1b4e490cf89 '   itemscope=\"itemscope\" itemtype=\"https:\/\/schema.org\/CreativeWork\" ><div class='avia_textblock'  itemprop=\"text\" ><p>Unsere Fertigung kann in zwei unterschiedliche Arbeitsbereiche eingeteilt werden: Beschichtung und Konvertierung. Als unabh\u00e4ngiger Hersteller haben wir die vollst\u00e4ndige Kontrolle \u00fcber diese Arbeitsbereiche, wodurch wir unseren H\u00e4ndlern einen kundenspezifischen Service bieten k\u00f6nnen.<\/p>\n<\/div><\/section><\/p><\/div>\n<div class='av-flex-placeholder'><\/div>\n<style type=\"text\/css\" data-created_by=\"avia_inline_auto\" id=\"style-css-av-sfeg-6f2e43a08aaf02d8b31a0d89bd672e8e\">\n.flex_column.av-sfeg-6f2e43a08aaf02d8b31a0d89bd672e8e{\nborder-radius:0px 0px 0px 0px;\npadding:0px 0px 0px 0px;\n}\n<\/style>\n<div  class='flex_column av-sfeg-6f2e43a08aaf02d8b31a0d89bd672e8e av_one_half  avia-builder-el-3  el_after_av_one_half  el_before_av_section  avia-builder-el-last  flex_column_table_cell av-equal-height-column av-align-middle av-zero-column-padding  '     ><style type=\"text\/css\" data-created_by=\"avia_inline_auto\" id=\"style-css-av-kj8gsz1b-afe76838de7ea5ce9eee828aa6df92ee\">\n.avia-video.av-kj8gsz1b-afe76838de7ea5ce9eee828aa6df92ee{\npadding-bottom:56%;\n}\n<\/style>\n<div  class='avia-video av-kj8gsz1b-afe76838de7ea5ce9eee828aa6df92ee avia-video-custom av-no-preview-image avia-video-load-always av-lazyload-immediate av-lazyload-video-embed'  itemprop=\"video\" itemtype=\"https:\/\/schema.org\/VideoObject\"  data-original_url='https:\/\/youtu.be\/yb3zoJhiO0s'><script type='text\/html' class='av-video-tmpl'><div class='avia-iframe-wrap'><iframe loading=\"lazy\" title=\"Advance -- Committed To Quality\" width=\"1500\" height=\"844\" src=\"https:\/\/www.youtube.com\/embed\/yb3zoJhiO0s?feature=oembed&autoplay=0&loop=0&controls=1&mute=0\" frameborder=\"0\" allow=\"accelerometer; autoplay; clipboard-write; encrypted-media; gyroscope; picture-in-picture\" allowfullscreen><\/iframe><\/div><\/script><div class='av-click-to-play-overlay'><div class=\"avia_playpause_icon\"><\/div><\/div><\/div><\/div><\/div><!--close column table wrapper. Autoclose: 1 -->\n<\/div><\/div><\/div><!-- close content main div --><\/div><\/div>\n<style type=\"text\/css\" data-created_by=\"avia_inline_auto\" id=\"style-css-av-kj8gs1x0-1e165f87129eba4a6a31825a1e75866c\">\n.avia-section.av-kj8gs1x0-1e165f87129eba4a6a31825a1e75866c{\nbackground-color:#e6e7e8;\nbackground-image:unset;\n}\n<\/style>\n<div id='av_section_1'  class='avia-section av-kj8gs1x0-1e165f87129eba4a6a31825a1e75866c main_color avia-section-default avia-no-border-styling  avia-builder-el-5  el_after_av_one_half  avia-builder-el-last  av-desktop-hide av-medium-hide av-small-hide av-mini-hide avia-bg-style-scroll container_wrap fullsize'  ><div class='container av-section-cont-open' ><div class='template-page content  av-content-full alpha units'><div class='post-entry post-entry-type-page post-entry-4618'><div class='entry-content-wrapper clearfix'>\n\n<style type=\"text\/css\" data-created_by=\"avia_inline_auto\" id=\"style-css-av-u5o4-17737d5dd093334cc2432f8520ef327c\">\n.flex_column.av-u5o4-17737d5dd093334cc2432f8520ef327c{\nborder-radius:0px 0px 0px 0px;\npadding:0px 0px 0px 0px;\n}\n<\/style>\n<div  class='flex_column av-u5o4-17737d5dd093334cc2432f8520ef327c av_one_half  avia-builder-el-6  el_before_av_one_full  avia-builder-el-first  first flex_column_div av-zero-column-padding  '     ><p>\n<style type=\"text\/css\" data-created_by=\"avia_inline_auto\" id=\"style-css-av-u2i8-0085949cb0ab11e0acbba6061fd0e532\">\n#top .av-special-heading.av-u2i8-0085949cb0ab11e0acbba6061fd0e532{\npadding-bottom:10px;\ncolor:#5bb4bd;\nfont-size:36px;\n}\nbody .av-special-heading.av-u2i8-0085949cb0ab11e0acbba6061fd0e532 .av-special-heading-tag .heading-char{\nfont-size:25px;\n}\n#top #wrap_all .av-special-heading.av-u2i8-0085949cb0ab11e0acbba6061fd0e532 .av-special-heading-tag{\nfont-size:36px;\n}\n.av-special-heading.av-u2i8-0085949cb0ab11e0acbba6061fd0e532 .special-heading-inner-border{\nborder-color:#5bb4bd;\n}\n.av-special-heading.av-u2i8-0085949cb0ab11e0acbba6061fd0e532 .av-subheading{\nfont-size:15px;\n}\n\n@media only screen and (min-width: 480px) and (max-width: 767px){ \n#top #wrap_all .av-special-heading.av-u2i8-0085949cb0ab11e0acbba6061fd0e532 .av-special-heading-tag{\nfont-size:0.8em;\n}\n}\n\n@media only screen and (max-width: 479px){ \n#top #wrap_all .av-special-heading.av-u2i8-0085949cb0ab11e0acbba6061fd0e532 .av-special-heading-tag{\nfont-size:0.8em;\n}\n}\n<\/style>\n<div  class='av-special-heading av-u2i8-0085949cb0ab11e0acbba6061fd0e532 av-special-heading-h1 custom-color-heading blockquote modern-quote  avia-builder-el-7  el_before_av_textblock  avia-builder-el-first  av-inherit-size'><h1 class='av-special-heading-tag '  itemprop=\"headline\"  >Produktion<\/h1><div class=\"special-heading-border\"><div class=\"special-heading-inner-border\"><\/div><\/div><\/div><br \/>\n<section  class='av_textblock_section av-kj8gofeh-92697262c19a296a9c04f1b4e490cf89 '   itemscope=\"itemscope\" itemtype=\"https:\/\/schema.org\/CreativeWork\" ><div class='avia_textblock'  itemprop=\"text\" ><p>Unsere Fertigung kann in zwei unterschiedliche Arbeitsbereiche eingeteilt werden: Beschichtung und Konvertierung. Als unabh\u00e4ngiger Hersteller haben wir die vollst\u00e4ndige Kontrolle \u00fcber diese Arbeitsbereiche, wodurch wir unseren H\u00e4ndlern einen kundenspezifischen Service bieten k\u00f6nnen.<\/p>\n<\/div><\/section><\/p><\/div>\n<style type=\"text\/css\" data-created_by=\"avia_inline_auto\" id=\"style-css-av-rvyg-3941e51e2f2b98af86b81475b719e199\">\n.flex_column.av-rvyg-3941e51e2f2b98af86b81475b719e199{\nborder-radius:0px 0px 0px 0px;\npadding:0px 0px 0px 0px;\n}\n<\/style>\n<div  class='flex_column av-rvyg-3941e51e2f2b98af86b81475b719e199 av_one_full  avia-builder-el-9  el_after_av_one_half  avia-builder-el-last  first flex_column_div av-zero-column-padding  column-top-margin'     ><style type=\"text\/css\" data-created_by=\"avia_inline_auto\" id=\"style-css-av-kj8gsz1b-afe76838de7ea5ce9eee828aa6df92ee\">\n.avia-video.av-kj8gsz1b-afe76838de7ea5ce9eee828aa6df92ee{\npadding-bottom:56%;\n}\n<\/style>\n<div  class='avia-video av-kj8gsz1b-afe76838de7ea5ce9eee828aa6df92ee avia-video-custom av-no-preview-image avia-video-load-always av-lazyload-immediate av-lazyload-video-embed'  itemprop=\"video\" itemtype=\"https:\/\/schema.org\/VideoObject\"  data-original_url='https:\/\/youtu.be\/yb3zoJhiO0s'><script type='text\/html' class='av-video-tmpl'><div class='avia-iframe-wrap'><iframe loading=\"lazy\" title=\"Advance -- Committed To Quality\" width=\"1500\" height=\"844\" src=\"https:\/\/www.youtube.com\/embed\/yb3zoJhiO0s?feature=oembed&autoplay=0&loop=0&controls=1&mute=0\" frameborder=\"0\" allow=\"accelerometer; autoplay; clipboard-write; encrypted-media; gyroscope; picture-in-picture\" allowfullscreen><\/iframe><\/div><\/script><div class='av-click-to-play-overlay'><div class=\"avia_playpause_icon\"><\/div><\/div><\/div><\/div>\n\n","protected":false},"excerpt":{"rendered":"","protected":false},"author":455,"featured_media":0,"parent":0,"menu_order":0,"comment_status":"closed","ping_status":"closed","template":"","meta":{"_acf_changed":false,"footnotes":""},"class_list":["post-4618","page","type-page","status-publish","hentry"],"acf":[],"yoast_head":"<!-- This site is optimized with the Yoast SEO plugin v27.3 - https:\/\/yoast.com\/product\/yoast-seo-wordpress\/ -->\n<title>Produktion - Advance Tapes<\/title>\n<meta name=\"robots\" content=\"index, follow, max-snippet:-1, max-image-preview:large, max-video-preview:-1\" \/>\n<link rel=\"canonical\" href=\"https:\/\/advancetapes.com\/de\/produktion\/\" \/>\n<meta property=\"og:locale\" content=\"de_DE\" \/>\n<meta property=\"og:type\" content=\"article\" \/>\n<meta property=\"og:title\" content=\"Produktion - Advance Tapes\" \/>\n<meta property=\"og:url\" content=\"https:\/\/advancetapes.com\/de\/produktion\/\" \/>\n<meta property=\"og:site_name\" content=\"Advance Tapes\" \/>\n<meta property=\"article:modified_time\" content=\"2021-01-26T16:01:50+00:00\" \/>\n<meta name=\"twitter:card\" content=\"summary_large_image\" \/>\n<meta name=\"twitter:label1\" content=\"Est. reading time\" \/>\n\t<meta name=\"twitter:data1\" content=\"5 minutes\" \/>\n<!-- \/ Yoast SEO plugin. -->","yoast_head_json":{"title":"Produktion - Advance Tapes","robots":{"index":"index","follow":"follow","max-snippet":"max-snippet:-1","max-image-preview":"max-image-preview:large","max-video-preview":"max-video-preview:-1"},"canonical":"https:\/\/advancetapes.com\/de\/produktion\/","og_locale":"de_DE","og_type":"article","og_title":"Produktion - Advance Tapes","og_url":"https:\/\/advancetapes.com\/de\/produktion\/","og_site_name":"Advance Tapes","article_modified_time":"2021-01-26T16:01:50+00:00","twitter_card":"summary_large_image","twitter_misc":{"Est. reading time":"5 minutes"},"schema":{"@context":"https:\/\/schema.org","@graph":[{"@type":"WebPage","@id":"https:\/\/advancetapes.com\/de\/produktion\/","url":"https:\/\/advancetapes.com\/de\/produktion\/","name":"Produktion - Advance Tapes","isPartOf":{"@id":"https:\/\/advancetapes.com\/de\/#website"},"datePublished":"2021-01-24T11:04:52+00:00","dateModified":"2021-01-26T16:01:50+00:00","breadcrumb":{"@id":"https:\/\/advancetapes.com\/de\/produktion\/#breadcrumb"},"inLanguage":"de-DE","potentialAction":[{"@type":"ReadAction","target":["https:\/\/advancetapes.com\/de\/produktion\/"]}]},{"@type":"BreadcrumbList","@id":"https:\/\/advancetapes.com\/de\/produktion\/#breadcrumb","itemListElement":[{"@type":"ListItem","position":1,"name":"Home","item":"https:\/\/advancetapes.com\/de\/"},{"@type":"ListItem","position":2,"name":"Produktion"}]},{"@type":"WebSite","@id":"https:\/\/advancetapes.com\/de\/#website","url":"https:\/\/advancetapes.com\/de\/","name":"Advance Tapes","description":"Adding more to adhesive tape","potentialAction":[{"@type":"SearchAction","target":{"@type":"EntryPoint","urlTemplate":"https:\/\/advancetapes.com\/de\/?s={search_term_string}"},"query-input":{"@type":"PropertyValueSpecification","valueRequired":true,"valueName":"search_term_string"}}],"inLanguage":"de-DE"}]}},"_links":{"self":[{"href":"https:\/\/advancetapes.com\/de\/wp-json\/wp\/v2\/pages\/4618","targetHints":{"allow":["GET"]}}],"collection":[{"href":"https:\/\/advancetapes.com\/de\/wp-json\/wp\/v2\/pages"}],"about":[{"href":"https:\/\/advancetapes.com\/de\/wp-json\/wp\/v2\/types\/page"}],"author":[{"embeddable":true,"href":"https:\/\/advancetapes.com\/de\/wp-json\/wp\/v2\/users\/455"}],"replies":[{"embeddable":true,"href":"https:\/\/advancetapes.com\/de\/wp-json\/wp\/v2\/comments?post=4618"}],"version-history":[{"count":0,"href":"https:\/\/advancetapes.com\/de\/wp-json\/wp\/v2\/pages\/4618\/revisions"}],"wp:attachment":[{"href":"https:\/\/advancetapes.com\/de\/wp-json\/wp\/v2\/media?parent=4618"}],"curies":[{"name":"wp","href":"https:\/\/api.w.org\/{rel}","templated":true}]}}